{"id":66,"date":"2026-01-15T16:20:05","date_gmt":"2026-01-15T08:20:05","guid":{"rendered":"https:\/\/conscanton.esteri.it\/?page_id=66"},"modified":"2026-03-10T14:34:52","modified_gmt":"2026-03-10T06:34:52","slug":"diplomazia-economica","status":"publish","type":"page","link":"https:\/\/conscanton.esteri.it\/it\/italia-e-repubblica-popolare-cinese\/diplomazia-economica\/","title":{"rendered":"Diplomazia economica"},"content":{"rendered":"<p style=\"text-align: justify;\">La\u00a0<strong>diplomazia economica italiana<\/strong>\u00a0\u00e8 l\u2019attivit\u00e0 del Ministero degli Affari Esteri e della Cooperazione Internazionale volta a sostenere le imprese italiane all\u2019estero e a favorire la crescita del Paese in differenti ambiti. Coordinati dalla Direzione Generale per la Crescita e la Promozione delle Esportazioni della Farnesina \u2013 che a sua volta \u00e8 in raccordo costante con Istituzioni, Enti, Associazioni, Imprese, Centri di ricerca ed Universit\u00e0 \u2013 gli oltre 450 uffici diffusi in tutto il mondo e comprendenti Ambasciate, Consolati, Unit\u00e0 dell\u2019Agenzia ICE e dell\u2019Enit, oggi integrati nelle rappresentanze diplomatiche e consolari, Istituti Italiani di Cultura, Uffici degli Addetti Scientifici e Tecnologici, sono impegnati quotidianamente per promuovere in un\u2019ottica integrata l\u2019Italia nelle sue componenti economica, culturale e scientifica.<\/p>\n<p style=\"text-align: justify;\">Gli obiettivi strategici cui si ispira quotidianamente la diplomazia economica sono:<\/p>\n<ul style=\"text-align: justify;\">\n<li>sostenere le aziende nella penetrazione commerciale dei mercati emergenti e a consolidarsi in quelli tradizionali;<\/li>\n<li>sostenere l\u2019attivit\u00e0 internazionale delle Autonomie territoriali;<\/li>\n<li>attrarre in Italia investimenti produttivi, flussi turistici e brillanti talenti;<\/li>\n<li>promuovere gli investimenti italiani all\u2019estero.<\/li>\n<\/ul>\n<p style=\"text-align: justify;\">UFFICIO COMMERCIALE<\/p>\n<p style=\"text-align: justify;\">Email: <a href=\"mailto:commerciale.canton@esteri.it\">commerciale.canton@esteri.it<\/a><\/p>\n<p style=\"text-align: justify;\">Competenze<\/p>\n<p style=\"text-align: justify;\">L\u2019Ufficio Economico e Commerciale del Consolato Generale segue gli interessi economici, finanziari e commerciali italiani nelle Province del Guangdong, Fujian, Hainan, Hunan, Jiangxi e la Regione autonoma Zhuang del Guangxi, offrendo servizi ed assistenza alle aziende italiane che operano o intendono stabilirsi in Cina, fornendo informazioni alle aziende cinesi che intendono avviare relazioni di business in Italia ed organizzando eventi di promozione e conoscenza del Made in Italy. In particolare, l\u2019Ufficio:<\/p>\n<ul style=\"text-align: justify;\">\n<li>favorisce un dialogo continuativo con le istituzioni locali e con le principali controparti cinesi competenti in materia economica e commerciale;<\/li>\n<li>sviluppa relazioni con enti, organizzazioni e stakeholder pubblici e privati (cinesi e internazionali) attivi nei settori dell\u2019economia, del commercio, dell\u2019innovazione e della ricerca;<\/li>\n<li>partecipa e contribuisce a fiere, conferenze, seminari ed eventi promozionali, con funzioni di raccordo istituzionale e supporto alle iniziative di internazionalizzazione;<\/li>\n<li>assicura il coordinamento operativo con ICE-Agenzia (promozione del <em>Made in Italy<\/em>, assistenza e informazione alle imprese, attivit\u00e0 fieristiche) e con la Camera di Commercio Italiana in Cina (servizi di supporto e networking per i membri).<\/li>\n<\/ul>\n<p style=\"text-align: justify;\">L\u2019Ufficio pu\u00f2, inoltre, qualora ricorrano presupposti di opportunit\u00e0 e utilit\u00e0, fornire un supporto istituzionale in caso di criticit\u00e0 o controversie tra operatori italiani e controparti cinesi, mediante interlocuzioni con le autorit\u00e0 locali competenti e nell\u2019ambito delle procedure previste.<\/p>\n","protected":false},"excerpt":{"rendered":"La\u00a0diplomazia economica italiana\u00a0\u00e8 l\u2019attivit\u00e0 del Ministero degli Affari Esteri e della Cooperazione Internazionale volta a sostenere le imprese italiane all\u2019estero e a favorire la crescita del Paese in differenti ambiti. Coordinati dalla Direzione Generale per la Crescita e la Promozione delle Esportazioni della Farnesina \u2013 che a sua volta \u00e8 in raccordo costante con Istituzioni, [&hellip;]","protected":false},"author":3,"featured_media":0,"parent":13,"menu_order":0,"comment_status":"closed","ping_status":"closed","template":"","meta":{"footnotes":""},"class_list":["post-66","page","type-page","status-publish","hentry"],"_links":{"self":[{"href":"https:\/\/conscanton.esteri.it\/it\/wp-json\/wp\/v2\/pages\/66","targetHints":{"allow":["GET"]}}],"collection":[{"href":"https:\/\/conscanton.esteri.it\/it\/wp-json\/wp\/v2\/pages"}],"about":[{"href":"https:\/\/conscanton.esteri.it\/it\/wp-json\/wp\/v2\/types\/page"}],"author":[{"embeddable":true,"href":"https:\/\/conscanton.esteri.it\/it\/wp-json\/wp\/v2\/users\/3"}],"replies":[{"embeddable":true,"href":"https:\/\/conscanton.esteri.it\/it\/wp-json\/wp\/v2\/comments?post=66"}],"version-history":[{"count":6,"href":"https:\/\/conscanton.esteri.it\/it\/wp-json\/wp\/v2\/pages\/66\/revisions"}],"predecessor-version":[{"id":4079,"href":"https:\/\/conscanton.esteri.it\/it\/wp-json\/wp\/v2\/pages\/66\/revisions\/4079"}],"up":[{"embeddable":true,"href":"https:\/\/conscanton.esteri.it\/it\/wp-json\/wp\/v2\/pages\/13"}],"wp:attachment":[{"href":"https:\/\/conscanton.esteri.it\/it\/wp-json\/wp\/v2\/media?parent=66"}],"curies":[{"name":"wp","href":"https:\/\/api.w.org\/{rel}","templated":true}]}}