{"id":65,"date":"2026-01-15T16:28:15","date_gmt":"2026-01-15T08:28:15","guid":{"rendered":"https:\/\/conscanton.esteri.it\/?page_id=65"},"modified":"2026-03-10T14:37:59","modified_gmt":"2026-03-10T06:37:59","slug":"diplomazia-culturale","status":"publish","type":"page","link":"https:\/\/conscanton.esteri.it\/it\/italia-e-repubblica-popolare-cinese\/diplomazia-culturale\/","title":{"rendered":"Diplomazia culturale"},"content":{"rendered":"<p style=\"text-align: justify;\">La <strong>Cultura<\/strong> \u00e8 un elemento essenziale dell\u2019identit\u00e0 italiana nel mondo e rappresenta un patrimonio materiale e immateriale cui attingere per affrontare le sfide della contemporaneit\u00e0. Ne fanno parte a pieno titolo la\u00a0lingua italiana come eredit\u00e0 del passato e ponte verso il futuro, e la\u00a0ricerca scientifica, settore in cui il nostro Paese pu\u00f2 vantare punte di eccellenza a livello mondiale.<\/p>\n<p style=\"text-align: justify;\">La promozione culturale occupa quindi un ruolo fondamentale nella politica estera del nostro Paese e costituisce uno dei principali strumenti di proiezione esterna.<\/p>\n<p style=\"text-align: justify;\">Italia e Cina sono legate da oltre 2000 anni di amicizia e di scambi culturali che sono da sempre un traino fondamentale nelle relazioni tra i nostri due Paesi. I due Paesi rappresentano le pi\u00f9 antiche civilt\u00e0 dell\u2019Occidente e dell\u2019Oriente, conosciute nel mondo per la bellezza dei loro territori e per il loro patrimonio storico ed artistico.\u00a0 Non \u00e8 un caso infatti che Italia e Cina ospitino il maggior numero di siti inseriti nella lista del patrimonio mondiale dell\u2019UNESCO. La cooperazione culturale rappresenta un ponte imprescindibile, una risorsa che ci lega e che ci spinge a continuare a costruire un dialogo che poggia sulle fondamenta solide di due civilt\u00e0 millenarie, unite da capacit\u00e0 di mediazione, curiosit\u00e0 e reciproca ammirazione.<\/p>\n<p style=\"text-align: justify;\">UFFICIO DI DIPLOMAZIA PUBBLICA E CULTURALE<\/p>\n<p style=\"text-align: justify;\">Email:\u00a0<a href=\"mailto:culturale.canton@esteri.it\">culturale.canton@esteri.it<\/a><\/p>\n<p style=\"text-align: justify;\">L\u2019Ufficio di Diplomazia Pubblica e Culturale del Consolato Generale d\u2019Italia a Canton opera al fine di rafforzare e consolidare la cooperazione culturale tra l\u2019Italia e il Sud della Cina (Province del Guangdong, Fujian, Hainan, Hunan, Jiangxi e la Regione autonoma Zhuang del Guangxi) in molteplici ambiti, tra cui la promozione della lingua italiana, la tutela e valorizzazione del patrimonio culturale, il cinema e l\u2019audiovisivo, l\u2019editoria, la musica, gli scambi accademici, nonch\u00e9 l\u2019organizzazione e il sostegno di manifestazioni artistiche ed eventi culturali in senso ampio.<\/p>\n<p style=\"text-align: justify;\"><strong>Gli Istituti Italiani di Cultura presenti in Cina\u00a0\u00a0\u00a0\u00a0\u00a0\u00a0\u00a0\u00a0\u00a0\u00a0\u00a0\u00a0\u00a0\u00a0\u00a0\u00a0\u00a0\u00a0\u00a0\u00a0\u00a0\u00a0\u00a0\u00a0\u00a0\u00a0\u00a0\u00a0\u00a0\u00a0 <\/strong><\/p>\n<p style=\"text-align: justify;\"><a href=\"http:\/\/www.iicpechino.esteri.it\/iic_pechino\/it\/\">Istituto Italiano di Cultura a Pechino<\/a><br \/>\n<a href=\"http:\/\/www.iicshanghai.esteri.it\/iic_shanghai\/it\/\">Istituto Italiano di Cultura a Shanghai<\/a><br \/>\n<a href=\"http:\/\/www.iichongkong.esteri.it\/IIC_HongKong\/it\/\">Istituto Italiano di Cultura a Hong Kong<\/a><\/p>\n","protected":false},"excerpt":{"rendered":"La Cultura \u00e8 un elemento essenziale dell\u2019identit\u00e0 italiana nel mondo e rappresenta un patrimonio materiale e immateriale cui attingere per affrontare le sfide della contemporaneit\u00e0. Ne fanno parte a pieno titolo la\u00a0lingua italiana come eredit\u00e0 del passato e ponte verso il futuro, e la\u00a0ricerca scientifica, settore in cui il nostro Paese pu\u00f2 vantare punte di [&hellip;]","protected":false},"author":3,"featured_media":0,"parent":13,"menu_order":2,"comment_status":"closed","ping_status":"closed","template":"","meta":{"footnotes":""},"class_list":["post-65","page","type-page","status-publish","hentry"],"_links":{"self":[{"href":"https:\/\/conscanton.esteri.it\/it\/wp-json\/wp\/v2\/pages\/65","targetHints":{"allow":["GET"]}}],"collection":[{"href":"https:\/\/conscanton.esteri.it\/it\/wp-json\/wp\/v2\/pages"}],"about":[{"href":"https:\/\/conscanton.esteri.it\/it\/wp-json\/wp\/v2\/types\/page"}],"author":[{"embeddable":true,"href":"https:\/\/conscanton.esteri.it\/it\/wp-json\/wp\/v2\/users\/3"}],"replies":[{"embeddable":true,"href":"https:\/\/conscanton.esteri.it\/it\/wp-json\/wp\/v2\/comments?post=65"}],"version-history":[{"count":4,"href":"https:\/\/conscanton.esteri.it\/it\/wp-json\/wp\/v2\/pages\/65\/revisions"}],"predecessor-version":[{"id":4082,"href":"https:\/\/conscanton.esteri.it\/it\/wp-json\/wp\/v2\/pages\/65\/revisions\/4082"}],"up":[{"embeddable":true,"href":"https:\/\/conscanton.esteri.it\/it\/wp-json\/wp\/v2\/pages\/13"}],"wp:attachment":[{"href":"https:\/\/conscanton.esteri.it\/it\/wp-json\/wp\/v2\/media?parent=65"}],"curies":[{"name":"wp","href":"https:\/\/api.w.org\/{rel}","templated":true}]}}