{"id":64,"date":"2022-12-16T18:21:41","date_gmt":"2022-12-16T17:21:41","guid":{"rendered":"https:\/\/conscanton.esteri.it\/?page_id=64"},"modified":"2023-05-30T06:24:01","modified_gmt":"2023-05-30T04:24:01","slug":"la-rete-consolare","status":"publish","type":"page","link":"https:\/\/conscanton.esteri.it\/it\/chi-siamo\/la-rete-consolare\/","title":{"rendered":"La Rete Consolare"},"content":{"rendered":"<p><img loading=\"lazy\" decoding=\"async\" class=\"img-fluid alignnone wp-image-587 \" src=\"https:\/\/conscanton.esteri.it\/wp-content\/uploads\/2023\/05\/6mappa-Circoscrizione-Consolare_mod-300x214.png\" alt=\"\" width=\"582\" height=\"415\" srcset=\"https:\/\/conscanton.esteri.it\/wp-content\/uploads\/2023\/05\/6mappa-Circoscrizione-Consolare_mod-300x214.png 300w, https:\/\/conscanton.esteri.it\/wp-content\/uploads\/2023\/05\/6mappa-Circoscrizione-Consolare_mod-1024x731.png 1024w, https:\/\/conscanton.esteri.it\/wp-content\/uploads\/2023\/05\/6mappa-Circoscrizione-Consolare_mod-768x549.png 768w, https:\/\/conscanton.esteri.it\/wp-content\/uploads\/2023\/05\/6mappa-Circoscrizione-Consolare_mod.png 1358w\" sizes=\"auto, (max-width: 582px) 100vw, 582px\" \/><\/p>\n<p><strong>Ambasciata d\u2019Italia a PECHINO<\/strong><\/p>\n<p><strong>Indirizzo<\/strong>: San Li Tun, 2 Dong Er Jie \u2013 100600 Pechino<br \/>\n<strong>Centralino<\/strong>: 0086-1085327600 (h. 9.00-17.00)<br \/>\n<strong>Telefoni d\u2019emergenza<\/strong>: (luned\u00ec \u2013 venerd\u00ec h. 17.00-9.00; sabato, domenica e festivi h 24) 0086-13901032957<br \/>\n<strong>Email:\u00a0<\/strong><a href=\"mailto:consolare.pechino@esteri.it\">consolare.pechino@esteri.it<\/a><strong><br \/>\nSito web:\u00a0<\/strong><a href=\"http:\/\/ambpechino.esteri.it\/\">http:\/\/ambpechino.esteri.it<\/a><\/p>\n<p><strong>Orari di apertura al pubblico:\u00a0<\/strong>dal luned\u00ec al venerd\u00ec dalle ore 09:00 alle ore 12:00; in ogni caso, per pratiche particolari, \u00e8 possibile prendere un appuntamento telefonico in orario differente.<\/p>\n<p><strong>Circoscrizione consolare:\u00a0<\/strong>Pechino, Tianjin, Heilongjiang, Jilin, Liaoning, Mongolia interna, Hebei, Shandong, Henan, Hubei, Tibet, Xingjiang, Qinghai, Gansu, Ningxia, Shaanxi e Shanxi.<\/p>\n<p>&nbsp;<\/p>\n<p>&nbsp;<\/p>\n<p><strong>Consolato Generale d\u2019Italia a SHANGHAI<br \/>\nIndirizzo:\u00a0<\/strong>The Center, 19 floor, Unit 7\/11 n. 989, ChangLe Road 200031 Shanghai<br \/>\n<strong>Telefono:\u00a0<\/strong>0086-2165965900<br \/>\n<strong>Telefono d\u2019emergenza:\u00a0<\/strong>0086-13901993054<br \/>\n<strong>E-mail:\u00a0<\/strong><a href=\"mailto:info.shanghai@esteri.it\">info.shanghai@esteri.it<\/a><strong><br \/>\nSito web:\u00a0<\/strong><a class=\"\" href=\"http:\/\/consshanghai.esteri.it\/\" data-focus-mouse=\"false\">http:\/\/consshanghai.esteri.it<\/a><br \/>\nCircoscrizione consolare: Shanghai,\u00a0Zhejiang, Jiangsu e Anhui.<\/p>\n<p>&nbsp;<\/p>\n<p>&nbsp;<\/p>\n<p><strong>Consolato Generale d\u2019Italia a CANTON<br \/>\nIndirizzo:<\/strong>\u00a0Unit 1403, International Finance Place (IFP), No.8 Huaxia Road, Pearl River New City, 510623, Guangzhou<br \/>\n<strong>Telefono:\u00a0<\/strong>0086 20 38396225<br \/>\n<strong>Telefono d\u2019emergenza:\u00a0<\/strong>0086-13500006700<br \/>\n<strong>E-mail:\u00a0<\/strong><a href=\"mailto:consolato.canton@esteri.it\">consolato.canton@esteri.it<\/a><strong><br \/>\nSito web:\u00a0<\/strong><a href=\"http:\/\/conscanton.esteri.it\/\">http:\/\/conscanton.esteri.it<\/a><strong><br \/>\nCircoscrizione consolare:<\/strong>\u00a0Guangdong, Guangxi, Fujian, Hainan, Hunan, Jiangxi.<\/p>\n<p>&nbsp;<\/p>\n<p>&nbsp;<\/p>\n<p><strong>Consolato Generale d\u2019Italia a CHONGQING<\/strong><strong><br \/>\nIndirizzo:\u00a0<\/strong>188, Min Zu Road, World Financial Centre (WFC), 49 Piano, 400010 Chongqing<br \/>\n<strong>Telefono:\u00a0<\/strong>0086 63822511<br \/>\n<strong>Telefono d\u2019emergenza:<\/strong>\u00a00086 13983257845<br \/>\n<strong>E-mail:<\/strong>\u00a0<a href=\"mailto:chongqing.consolare@esteri.it\">chongqing.consolare@esteri.it<\/a><strong><br \/>\nSito web:<\/strong>\u00a0<a href=\"http:\/\/conschongqing.esteri.it\/\">http:\/\/conschongqing.esteri.it<\/a><strong><br \/>\nCircoscrizione consolare<\/strong>: Chongqing, Sichuan, Guizhou e Yunnan<\/p>\n<p>&nbsp;<\/p>\n<p>&nbsp;<\/p>\n<p><strong>Consolato Generale d\u2019Italia a HONG KONG<\/strong><br \/>\n<strong>Indirizzo<\/strong>: Suite 3201 32\/F Central Plaza \u2013 18, Harbour Road \u2013 Wanchai<br \/>\nHong Kong<br \/>\n<strong>Telefono<\/strong>:\u00a0+852-25220034 \/ 0035<br \/>\n<strong>Telefono d\u2019emergenza:\u00a0<\/strong>+852-91315535<strong><br \/>\nE-mail<\/strong>:\u00a0<a href=\"mailto:consolato.hongkong@esteri.it\">consolato.hongkong@esteri.it<\/a><br \/>\n<strong>Sito web<\/strong>:\u00a0<a href=\"http:\/\/conshongkong.esteri.it\/\">http:\/\/conshongkong.esteri.it\/<\/a><br \/>\n<strong>Circoscrizione consolare:<\/strong>\u00a0Regioni Amministrative Speciali di Hong Kong e Macao<\/p>\n<p>&nbsp;<\/p>\n<p>Nel 2016 la Rete diplomatico-consolare italiana si \u00e8 allargata attraverso l\u2019apertura di<strong>\u00a011 nuovi centri visti<\/strong>\u00a0nelle seguenti citt\u00e0:<br \/>\n<strong>Xi\u2019an, Chengdu, Wuhan, Shenyang, Kunming, Jinan, Hangzhou, Nanjing, Fuzhou, Shenzhen, Changsha<\/strong><\/p>\n","protected":false},"excerpt":{"rendered":"Ambasciata d\u2019Italia a PECHINO Indirizzo: San Li Tun, 2 Dong Er Jie \u2013 100600 Pechino Centralino: 0086-1085327600 (h. 9.00-17.00) Telefoni d\u2019emergenza: (luned\u00ec \u2013 venerd\u00ec h. 17.00-9.00; sabato, domenica e festivi h 24) 0086-13901032957 Email:\u00a0consolare.pechino@esteri.it Sito web:\u00a0http:\/\/ambpechino.esteri.it Orari di apertura al pubblico:\u00a0dal luned\u00ec al venerd\u00ec dalle ore 09:00 alle ore 12:00; in ogni caso, per pratiche [&hellip;]","protected":false},"author":3,"featured_media":0,"parent":11,"menu_order":0,"comment_status":"closed","ping_status":"closed","template":"","meta":{"footnotes":""},"class_list":["post-64","page","type-page","status-publish","hentry"],"_links":{"self":[{"href":"https:\/\/conscanton.esteri.it\/it\/wp-json\/wp\/v2\/pages\/64","targetHints":{"allow":["GET"]}}],"collection":[{"href":"https:\/\/conscanton.esteri.it\/it\/wp-json\/wp\/v2\/pages"}],"about":[{"href":"https:\/\/conscanton.esteri.it\/it\/wp-json\/wp\/v2\/types\/page"}],"author":[{"embeddable":true,"href":"https:\/\/conscanton.esteri.it\/it\/wp-json\/wp\/v2\/users\/3"}],"replies":[{"embeddable":true,"href":"https:\/\/conscanton.esteri.it\/it\/wp-json\/wp\/v2\/comments?post=64"}],"version-history":[{"count":0,"href":"https:\/\/conscanton.esteri.it\/it\/wp-json\/wp\/v2\/pages\/64\/revisions"}],"up":[{"embeddable":true,"href":"https:\/\/conscanton.esteri.it\/it\/wp-json\/wp\/v2\/pages\/11"}],"wp:attachment":[{"href":"https:\/\/conscanton.esteri.it\/it\/wp-json\/wp\/v2\/media?parent=64"}],"curies":[{"name":"wp","href":"https:\/\/api.w.org\/{rel}","templated":true}]}}