{"id":4102,"date":"2026-03-10T14:55:31","date_gmt":"2026-03-10T06:55:31","guid":{"rendered":"https:\/\/conscanton.esteri.it\/?page_id=4102"},"modified":"2026-03-10T15:07:34","modified_gmt":"2026-03-10T07:07:34","slug":"calendario-fieristico-2026","status":"publish","type":"page","link":"https:\/\/conscanton.esteri.it\/it\/italia-e-repubblica-popolare-cinese\/diplomazia-economica\/calendario-fieristico-2026\/","title":{"rendered":"Calendario Fieristico 2026"},"content":{"rendered":"<p style=\"text-align: justify;\"><strong>PRESENTAZIONE DEL CALENDARIO FIERISTICO 2026 <\/strong><\/p>\n<p style=\"text-align: justify;\"><strong>\u00a0<\/strong><strong>Scheda informativa<\/strong><\/p>\n<ul style=\"text-align: justify;\">\n<li>Le fiere costituiscono un pilastro strategico del sistema economico italiano, fungendo da piattaforma indispensabile per presentare e promuovere le catene di fornitura del Made in Italy sui mercati internazionali.<\/li>\n<li>L&#8217;Italia \u00e8 al quarto posto al mondo per spazio espositivo coperto (2,5 milioni di metri quadrati), dietro Cina, Stati Uniti e Germania. In termini di fatturato, l&#8217;Italia \u00e8 il terzo paese in Europa dietro Germania e Francia e davanti alla Spagna, che \u00e8 il paese europeo in pi\u00f9 rapida crescita in questo settore.<\/li>\n<li>Le fiere italiane sono espressione diretta del sistema economico nazionale pi\u00f9 orientato ai mercati esteri, strutturato attorno a cinque settori chiave: Agroalimentare, Edilizia-Arredamento, Moda-Bellezza, Tecnologia e Tempo libero. Questi settori rappresentano il cuore delle esportazioni Made in Italy, rappresentando il 63% del valore totale delle esportazioni del Paese.<\/li>\n<li>Nel 2025 si sono tenute 915 fiere, la maggior parte delle quali incentrate sul B2B, che hanno attirato oltre 17 milioni di visitatori. Inoltre, nel corso del 2025, sono state organizzate 89 fiere italiane all&#8217;estero in 20 paesi.<\/li>\n<li>Per il 2026 sono previsti complessivamente 878 eventi, tra cui 276 fiere internazionali e 202 fiere nazionali. I settori alimentare, delle bevande e dell&#8217;ospitalit\u00e0 rappresenteranno il 12% del totale degli eventi, seguiti da tessile, abbigliamento e moda con l&#8217;11% insieme al segmento combinato sport, hobby, intrattenimento e arte. Quote significative anche per la tecnologia e la meccanica (9%) e per l&#8217;agricoltura, la silvicoltura e l&#8217;allevamento (8%), nonch\u00e9 per gioielli, orologi e accessori (7%).<\/li>\n<li>L\u2019Agenzia ICE \u2013 Italian Trade Agency costituisce il braccio operativo del Ministero degli Affari Esteri e della Cooperazione Internazionale per la promozione internazionale e svolge un ruolo centrale nel sostegno all\u2019export attraverso il sistema fieristico. Nel 2025 ha destinato oltre 200 milioni di euro a programmi di internazionalizzazione delle PMI, investendo pi\u00f9 di 90 milioni di euro per supportarne la partecipazione a fiere ed eventi all\u2019estero e ulteriori 35 milioni di euro per attrarre operatori internazionali alle fiere in Italia. L\u2019Agenzia ICE ha organizzato circa 245 padiglioni nazionali in fiere estere, consentendo la partecipazione di 6.560 imprese italiane, e ha realizzato 125 padiglioni incoming in manifestazioni fieristiche in Italia, che hanno coinvolto 11.500 operatori esteri su tutto il territorio nazionale. Le fiere e gli eventi all\u2019estero hanno rappresentato il 46,7% delle attivit\u00e0 complessive, mentre le delegazioni incoming alle fiere italiane il 15,9%. La distribuzione geografica \u00e8 stata la seguente:<\/li>\n<\/ul>\n<ul style=\"text-align: justify;\">\n<li>Italia: 28,2%<\/li>\n<li>Europa: 22,6%<\/li>\n<li>Asia: 20,0%<\/li>\n<li>Nord America: 14,9%<\/li>\n<li>Africa: 2,9%<\/li>\n<li>America Centrale e Meridionale: 2,6%<\/li>\n<li>Oceania: 0,7%<\/li>\n<li>Iniziative multi-mercato: 8,1%<\/li>\n<\/ul>\n<p style=\"text-align: justify;\"><strong>\u00a0<\/strong><\/p>\n<p style=\"text-align: justify;\"><strong>Il sistema fieristico italiano \u2013 dati e indicatori chiave<\/strong><\/p>\n<p style=\"text-align: justify;\">\u27a2 <strong>Posizionamento globale ed europeo<\/strong><\/p>\n<ul style=\"text-align: justify;\">\n<li><strong>4\u00b0 posto nel mondo<\/strong> per superficie espositiva coperta (<strong>2,5 milioni di m\u00b2<\/strong>), dopo Cina, Stati Uniti e Germania<\/li>\n<li><strong>3\u00b0 posto in Europa<\/strong> per fatturato, dopo Germania e Francia, e davanti alla Spagna (mercato in pi\u00f9 rapida crescita)<\/li>\n<\/ul>\n<p style=\"text-align: justify;\">\u27a2 <strong>Settori strategici<\/strong><\/p>\n<p style=\"text-align: justify;\">Il sistema fieristico italiano riflette la vocazione export-oriented del Paese ed \u00e8 incentrato su cinque macro-settori:<\/p>\n<ul style=\"text-align: justify;\">\n<li><strong>Agroalimentare<\/strong><\/li>\n<li><strong>E<\/strong><strong>dilizia e arredo<\/strong><\/li>\n<li><strong>Moda e bellezza<\/strong><\/li>\n<li><strong>Tecnologia<\/strong><\/li>\n<li><strong>Tempo libero<\/strong><\/li>\n<\/ul>\n<p style=\"text-align: justify;\">Tali comparti rappresentano complessivamente il <strong>63% delle esportazioni nazionali.<\/strong><\/p>\n<p style=\"text-align: justify;\"><strong>\u27a2<\/strong><strong> Rilevanza strategica<\/strong><\/p>\n<ul style=\"text-align: justify;\">\n<li>Le fiere costituiscono un <strong>pilastro del sistema economico italiano<\/strong><\/li>\n<li><strong>\u00a0<\/strong>Agiscono come <strong>moltiplicatori <\/strong>per l\u2019economia reale<\/li>\n<li>Sono strumenti essenziali per la <strong>promozione internazionale delle filiere del Made in Italy<\/strong><\/li>\n<\/ul>\n<p style=\"text-align: justify;\">\u27a2 <strong>Bilancio 2025<\/strong><\/p>\n<ul style=\"text-align: justify;\">\n<li><strong>915 fiere<\/strong> svolte in Italia \u2013 prevalenza <strong>B2B<\/strong> \u2013 <strong>oltre 17 milioni di visitatori<\/strong><\/li>\n<li><strong>89 fiere<\/strong> italiane organizzate all\u2019estero in <strong>20 Paesi<\/strong><\/li>\n<\/ul>\n<p style=\"text-align: justify;\">\u27a2 <strong>Previsioni 2026<\/strong><\/p>\n<ul style=\"text-align: justify;\">\n<li><strong>878 eventi<\/strong> complessivi, di cui:<\/li>\n<li><strong>276 fiere internazionali<\/strong><\/li>\n<li><strong>202 fiere nazionali<\/strong><\/li>\n<\/ul>\n<p style=\"text-align: justify;\">\u00a0\u00a0\u00a0\u00a0\u00a0\u00a0\u00a0\u00a0 <strong>Ripartizione settoriale:<\/strong><\/p>\n<ul style=\"text-align: justify;\">\n<li><strong>12%<\/strong> food, beverage e <em>hospitality<\/em><\/li>\n<li><strong>11%<\/strong> tessile, abbigliamento e moda<\/li>\n<li><strong>11%<\/strong> sport, hobby, intrattenimento e arte<\/li>\n<li><strong>9%<\/strong> tecnologia e meccanica<\/li>\n<li><strong>8%<\/strong> agricoltura, silvicoltura e allevamento<\/li>\n<li><strong>7%<\/strong> gioielleria, orologeria e accessori<\/li>\n<\/ul>\n<p style=\"text-align: justify;\">\u27a2 <strong>Ruolo dell\u2019Agenzia ICE (ITA\/ICE)<\/strong><\/p>\n<ul style=\"text-align: justify;\">\n<li>Braccio operativo del <strong>MAECI<\/strong> per la promozione internazionale<\/li>\n<li>Attore chiave nel sostegno alle <strong>filiere produttive e all\u2019export<\/strong> attraverso il sistema fieristico<\/li>\n<\/ul>\n<p style=\"text-align: justify;\"><strong>\u00a0\u00a0\u00a0\u00a0\u00a0\u00a0\u00a0\u00a0 \u00a0\u00a0\u00a0\u00a0\u00a0\u00a0\u00a0\u00a0 Investimenti ICE nel 2025 per le fiere<\/strong><\/p>\n<ul>\n<li style=\"text-align: justify;\"><strong>Oltre 200 milioni<\/strong> <strong>di euro<\/strong> per l\u2019internazionalizzazione delle PMI<\/li>\n<li style=\"text-align: justify;\"><strong>Oltre 90 milioni di euro<\/strong> per sostenere la partecipazione a fiere all\u2019estero<\/li>\n<li style=\"text-align: justify;\"><strong>35 milioni di euro<\/strong> per attrarre buyer e operatori internazionali alle fiere italiane<\/li>\n<\/ul>\n","protected":false},"excerpt":{"rendered":"PRESENTAZIONE DEL CALENDARIO FIERISTICO 2026 \u00a0Scheda informativa Le fiere costituiscono un pilastro strategico del sistema economico italiano, fungendo da piattaforma indispensabile per presentare e promuovere le catene di fornitura del Made in Italy sui mercati internazionali. L&#8217;Italia \u00e8 al quarto posto al mondo per spazio espositivo coperto (2,5 milioni di metri quadrati), dietro Cina, Stati [&hellip;]","protected":false},"author":10,"featured_media":0,"parent":66,"menu_order":0,"comment_status":"closed","ping_status":"closed","template":"","meta":{"footnotes":""},"class_list":["post-4102","page","type-page","status-publish","hentry"],"_links":{"self":[{"href":"https:\/\/conscanton.esteri.it\/it\/wp-json\/wp\/v2\/pages\/4102","targetHints":{"allow":["GET"]}}],"collection":[{"href":"https:\/\/conscanton.esteri.it\/it\/wp-json\/wp\/v2\/pages"}],"about":[{"href":"https:\/\/conscanton.esteri.it\/it\/wp-json\/wp\/v2\/types\/page"}],"author":[{"embeddable":true,"href":"https:\/\/conscanton.esteri.it\/it\/wp-json\/wp\/v2\/users\/10"}],"replies":[{"embeddable":true,"href":"https:\/\/conscanton.esteri.it\/it\/wp-json\/wp\/v2\/comments?post=4102"}],"version-history":[{"count":3,"href":"https:\/\/conscanton.esteri.it\/it\/wp-json\/wp\/v2\/pages\/4102\/revisions"}],"predecessor-version":[{"id":4108,"href":"https:\/\/conscanton.esteri.it\/it\/wp-json\/wp\/v2\/pages\/4102\/revisions\/4108"}],"up":[{"embeddable":true,"href":"https:\/\/conscanton.esteri.it\/it\/wp-json\/wp\/v2\/pages\/66"}],"wp:attachment":[{"href":"https:\/\/conscanton.esteri.it\/it\/wp-json\/wp\/v2\/media?parent=4102"}],"curies":[{"name":"wp","href":"https:\/\/api.w.org\/{rel}","templated":true}]}}