{"id":4094,"date":"2026-03-10T14:50:15","date_gmt":"2026-03-10T06:50:15","guid":{"rendered":"https:\/\/conscanton.esteri.it\/?page_id=4094"},"modified":"2026-03-12T12:10:10","modified_gmt":"2026-03-12T04:10:10","slug":"offerta-formativa-e-opportunita-accademiche","status":"publish","type":"page","link":"https:\/\/conscanton.esteri.it\/it\/servizi-consolari-e-visti\/servizi-per-il-cittadino-straniero\/studiare-in-italia\/offerta-formativa-e-opportunita-accademiche\/","title":{"rendered":"Offerta formativa e opportunit\u00e0 accademiche"},"content":{"rendered":"<p style=\"text-align: justify;\">In questa sezione sono disponibili informazioni sulle opportunit\u00e0 di studio presso le Universit\u00e0 italiane, nonch\u00e9 indicazioni utili relative alle procedure di ammissione, ai requisiti di accesso e alle eventuali misure di sostegno economico previste.<\/p>\n<p style=\"text-align: justify;\"><strong>UNIVERSIT\u00c0 CA\u2019 FOSCARI &#8211; VENEZIA <\/strong><\/p>\n<p style=\"text-align: justify;\">L\u2019Universit\u00e0 Ca&#8217; Foscari di Venezia offre, per l\u2019anno accademico 2026\/2027, <strong>8 borse<\/strong> di <strong>studio triennali<\/strong> e <strong>20 borse magistrali<\/strong> nell\u2019ambito del programma <strong><em>Ca\u2019 Foscari Honours Scholarships<\/em><\/strong>, basate esclusivamente sul merito e rivolte a studenti internazionali che intendano iscriversi a corsi in <strong>lingua<\/strong> <strong>italiana<\/strong> o <strong>inglese<\/strong>.<\/p>\n<p style=\"text-align: justify;\">Le borse prevedono un contributo di <strong>10.000 euro annui<\/strong> (per tre anni per le lauree triennali e per due anni per le lauree magistrali).<\/p>\n<p style=\"text-align: justify;\">Per maggiori informazioni: <a href=\"https:\/\/www.unive.it\/pag\/19545\">https:\/\/www.unive.it\/pag\/19545<\/a><\/p>\n<p style=\"text-align: justify;\"><strong><br \/>\nUNIVERSIT\u00c0 DEGLI STUDI DI ROMA &#8211; TOR VERGATA<\/strong><\/p>\n<p style=\"text-align: justify;\"><strong><em>Scadenze: 16 aprile \/ 4 giugno 2026<\/em><\/strong><\/p>\n<p style=\"text-align: justify;\">L\u2019Universit\u00e0 degli Studi di Roma &#8211; Tor Vergata segnala il bando di ammissione al Corso di Laurea Triennale in Global Governance, programma interdisciplinare interamente svolto in lingua inglese e con una significativa presenza di studenti internazionali.<\/p>\n<p style=\"text-align: justify;\">Per l\u2019anno accademico 2026\/2027 sono previste diverse call di selezione con scadenza il <strong>16 aprile e il 4 giugno 2026<\/strong>, con posti riservati a candidati non-UE.<\/p>\n<p style=\"text-align: justify;\">Per maggiori informazioni:<\/p>\n<p style=\"text-align: justify;\"><a href=\"https:\/\/economia.uniroma2.it\/ba\/globalgovernance\/apply-now\/\">https:\/\/economia.uniroma2.it\/ba\/globalgovernance\/apply-now\/<\/a><\/p>\n<p style=\"text-align: justify;\"><a href=\"https:\/\/economia.uniroma2.it\/public\/gobalGov24\/files\/Bandi\/2627\/Call_for_Application_A.Y_2026-27_GG_Updated.pdf\">https:\/\/economia.uniroma2.it\/public\/gobalGov24\/files\/Bandi\/2627\/Call_for_Application_A.Y_2026-27_GG_Updated.pdf<\/a><\/p>\n","protected":false},"excerpt":{"rendered":"In questa sezione sono disponibili informazioni sulle opportunit\u00e0 di studio presso le Universit\u00e0 italiane, nonch\u00e9 indicazioni utili relative alle procedure di ammissione, ai requisiti di accesso e alle eventuali misure di sostegno economico previste. UNIVERSIT\u00c0 CA\u2019 FOSCARI &#8211; VENEZIA L\u2019Universit\u00e0 Ca&#8217; Foscari di Venezia offre, per l\u2019anno accademico 2026\/2027, 8 borse di studio triennali e [&hellip;]","protected":false},"author":10,"featured_media":0,"parent":599,"menu_order":0,"comment_status":"closed","ping_status":"closed","template":"","meta":{"footnotes":""},"class_list":["post-4094","page","type-page","status-publish","hentry"],"_links":{"self":[{"href":"https:\/\/conscanton.esteri.it\/it\/wp-json\/wp\/v2\/pages\/4094","targetHints":{"allow":["GET"]}}],"collection":[{"href":"https:\/\/conscanton.esteri.it\/it\/wp-json\/wp\/v2\/pages"}],"about":[{"href":"https:\/\/conscanton.esteri.it\/it\/wp-json\/wp\/v2\/types\/page"}],"author":[{"embeddable":true,"href":"https:\/\/conscanton.esteri.it\/it\/wp-json\/wp\/v2\/users\/10"}],"replies":[{"embeddable":true,"href":"https:\/\/conscanton.esteri.it\/it\/wp-json\/wp\/v2\/comments?post=4094"}],"version-history":[{"count":5,"href":"https:\/\/conscanton.esteri.it\/it\/wp-json\/wp\/v2\/pages\/4094\/revisions"}],"predecessor-version":[{"id":4124,"href":"https:\/\/conscanton.esteri.it\/it\/wp-json\/wp\/v2\/pages\/4094\/revisions\/4124"}],"up":[{"embeddable":true,"href":"https:\/\/conscanton.esteri.it\/it\/wp-json\/wp\/v2\/pages\/599"}],"wp:attachment":[{"href":"https:\/\/conscanton.esteri.it\/it\/wp-json\/wp\/v2\/media?parent=4094"}],"curies":[{"name":"wp","href":"https:\/\/api.w.org\/{rel}","templated":true}]}}