{"id":2948,"date":"2025-08-19T11:26:01","date_gmt":"2025-08-19T09:26:01","guid":{"rendered":"https:\/\/conscanton.esteri.it\/?page_id=2948"},"modified":"2025-12-09T09:50:44","modified_gmt":"2025-12-09T01:50:44","slug":"cittadinanza-per-matrimonio-o-unione-civile","status":"publish","type":"page","link":"https:\/\/conscanton.esteri.it\/it\/servizi-consolari-e-visti\/servizi-per-il-cittadino-italiano\/cittadinanza\/cittadinanza-per-matrimonio-o-unione-civile\/","title":{"rendered":"Cittadinanza per matrimonio o unione civile"},"content":{"rendered":"<p><strong>1.CENNI NORMATIVI<\/strong><\/p>\n<p>In conformit\u00e0 alla normativa in vigore, che richiede la conoscenza del-la lingua italiana, le informazioni relative alla cittadinanza per matrimonio vengono fornite in italiano.<br \/>\nColoro che richiedono la cittadinanza italiana per matrimonio o unione civile devono essere a conoscenza dei doveri nei confronti della Repub-blica italiana, primi fra tutti l\u2019adesione ai valori nazionali e l\u2019irreprensibilit\u00e0 della condotta.<br \/>\nL\u2019acquisto della cittadinanza italiana da parte del coniuge straniero o apolide che abbia contratto matrimonio con cittadino italiano a partire dal 27 aprile 1983 \u00e8 attualmente regolato dalla Legge 5 febbraio 1992 n. 91 (artt. 5, 6, 7 e 8) e successive modifiche.<br \/>\nLe richieste di cittadinanza italiana possono essere presentate anche da parte del cittadino o della cittadina stranieri che hanno costituito un\u2019unione civile con cittadino\/a italiano\/a trascritta nei registri dello stato civile del Comune italiano (D. Lgs. 5, 6 e 7\/ 2017).<br \/>\nIl coniuge\/parte dell\u2019unione civile straniero pu\u00f2 acquistare la cittadinanza italiana su domanda, in presenza dei requisiti stabiliti dalla normativa vigente, come spiegato nelle sezioni successive.<br \/>\nRiferimenti normativi:<br \/>\nLegge N.123 del 21 aprile 1983<br \/>\nLegge N. 91 del 5 febbraio 1992<br \/>\nDecreti legislativi N. 5, 6 e 7 del 19 gennaio 2017<br \/>\nDecreto Legge N. 113 del 4 ottobre 2018 (decreto sicurezza), convertito dalla Legge N.132 del 1 dicembre 2018<br \/>\nDecreto Legge N. 130 del 21 ottobre 2020, convertito dalla Legge N. 173 del 18 dicembre 2020<\/p>\n<p>&nbsp;<\/p>\n<p><strong>2.REQUISITI PER LA RICHIESTA DI CITTADINANZA<\/strong><\/p>\n<ul>\n<li>Residenza nella circoscrizione consolare:<br \/>\nIl richiedente dovr\u00e0 indirizzare la domanda alla Rappresentanza diplomatico-consolare competente per la sua residenza;<br \/>\nIl coniuge\/parte dell\u2019unione civile di nazionalit\u00e0 italiana deve essere residente e regolarmente iscritto all\u2019anagrafe degli italiani residenti all\u2019estero (A.I.R.E.) della circoscrizione consolare di competenza e convivente allo stesso indirizzo del richiedente la cittadinanza. In caso contrario, dovr\u00e0 fornire documentazione comprovante la motivazione (es. lavoro, scolarit\u00e0 dei figli, cure mediche o altro), che determina o ha determinato la necessit\u00e0 di domicilio disgiunto;<\/li>\n<li>Termini di presentazione: la domanda pu\u00f2 essere presentata tre anni dopo il matrimonio\/unione civile se il coniuge \u00e8 cittadino italiano iure sanguinis; in caso di naturalizzazione avvenuta dopo il matrimonio, i tre anni decorrono dalla data della naturalizzazione del coniuge. I tre anni vengono ridotti a un anno e mezzo in presenza di figli minori nati o adottati dai coniugi;<\/li>\n<li>Trascrizione del matrimonio\/unione civile: se avvenuti all&#8217;estero, devono essere stati trascritti presso il Comune in Italia;<\/li>\n<li>Validit\u00e0 del matrimonio\/unione civile e stabilit\u00e0 del vincolo di coniugio\/unione civile fino all\u2019adozione del provvedimento di concessione della cittadinanza. Al fine del conferimento della cittadinanza italiana, alla data di adozione del decreto non devono essere intervenuti lo scioglimento, l\u2019annullamento o la cessazione degli effetti civili del matrimonio\/unione civile (separazione personale, divorzio, decesso del coniuge o parte dell\u2019unione civile);<\/li>\n<li>Assenza di sentenze di condanna da parte delle Autorit\u00e0 giudiziarie italiane per reati per i quali sia prevista una pena superiore a tre anni di reclusione;<\/li>\n<li>Assenza di sentenze di condanna da parte delle Autorit\u00e0 giudiziarie straniere ad una pena superiore ad un anno per reati non politici;<\/li>\n<li>Assenza di condanne per delitti contro la personalit\u00e0 dello Stato;<\/li>\n<li>Assenza di motivi ostativi per la sicurezza della Repubblica;<\/li>\n<li>Conoscenza della lingua italiana non inferiore a livello B1 del Quadro Comune Europeo di Riferimento (QCER).<\/li>\n<li>Pagamento delle tasse e percezioni indicate nella sezione documenti e costi.<\/li>\n<\/ul>\n<p>&nbsp;<\/p>\n<p><strong>3.DOCUMENTI NECESSARI PER LA RICHIESTA DI CITTADINANZA<\/strong><\/p>\n<ol>\n<li>Estratto dell\u2019atto di nascita o equivalente: in originale, rilasciato possibilmente da non oltre sei mesi dal Paese in cui si \u00e8 nati, completo di tutte le generalit\u00e0 (incluse paternit\u00e0 e maternit\u00e0), debitamente legalizzato\/apostillato e tradotto in lingua italiana.<\/li>\n<li>Certificato Penale del Paese di origine e degli eventuali Paesi terzi di residenza (a partire dai 14 anni d\u2019et\u00e0) \u2013 tranne l\u2019Italia \u2013 e dei Paesi di cui si possiede la cittadinanza, in originale, rilasciato da non oltre sei mesi prima della presentazione della domanda, debitamente legalizzato\/apostillato e tradotto in lingua italiana.<br \/>\nIl richiedente \u00e8 esonerato dal presentare il certificato penale del Paese di origine solo se lo ha lasciato prima del compimento dei 14 anni e non ne ha conservato la cittadinanza.<\/li>\n<li>Ricevuta del versamento del contributo di euro 250,00 a favore del Ministero dell\u2019Interno, con le modalit\u00e0 indicate nella sezione \u201cCosti\u201d.<\/li>\n<li>Documento di identit\u00e0: fotocopia del passaporto in corso di validit\u00e0 (pagine con i dati personali, fotografia, date di rilascio e scadenza) oppure carta di identit\u00e0.<\/li>\n<li>Copia dell\u2019atto di matrimonio o estratto per riassunto del registro dei matrimoni, da richiedere al competente Comune italiano in cui l\u2019atto risulta trascritto, possibilmente rilasciato da non oltre sei mesi prima dell\u2019istanza. Questo documento pu\u00f2 essere inserito al momento della presentazione della domanda alla voce \u201cdocumento generico\u201d e andr\u00e0 presentato al momento della convocazione presso gli Uffici Consolari.<\/li>\n<\/ol>\n<p>NOTA BENE: Qualora il richiedente sia un cittadino UE, potr\u00e0 avvalersi dell\u2019autocertificazione al posto dell\u2019atto di matrimonio, stato di famiglia e certificato di cittadinanza del coniuge\/parte dell\u2019unione civile (DPR 445\/2000)<\/p>\n<ol start=\"6\">\n<li>Certificato di conoscenza della lingua italiana non inferiore al livello B1 del Quadro Comune Europeo di Riferimento (QCER) o titolo di studio rilasciato da un istituto di istruzione pubblico o paritario riconosciuto dal Ministero dell\u2019Istruzione, dell\u2019Universit\u00e0 e della Ricerca e dal Ministero degli Affari Esteri e della Cooperazione internazionale.<br \/>\nGli enti certificatori CLIQ (Certificazione Lingua Italiana di Qualit\u00e0) &#8211; eventualmente in regime di collaborazione con i locali istituti italiani di cultura \u2013 sono esclusivamente l\u2019Universit\u00e0 per stranieri di Siena, l\u2019Universit\u00e0 per stranieri di Perugia, l\u2019Universit\u00e0 Roma Tre e la Societ\u00e0 Dante Alighieri<\/li>\n<\/ol>\n<p>Non sono tenuti alla presentazione del titolo di conoscenza della lingua italiana:<\/p>\n<ol>\n<li>Gli stranieri (anche se residenti all\u2019estero) che abbiano sottoscritto l\u2019accordo di integrazione di cui all\u2019art. 4 bis del d.lgs. n. 286\/1998 Testo Unico Immigrazione<\/li>\n<li>I titolari di permesso di soggiorno UE (o CE) per soggiornanti di lungo periodo di cui all\u2019articolo 9 del medesimo testo unico.<\/li>\n<\/ol>\n<p>&nbsp;<\/p>\n<p><strong>4. PROCEDURA<\/strong><\/p>\n<p><strong>FASE 1 \u2013 REGISTRAZIONE<\/strong><\/p>\n<p>Il richiedente dovr\u00e0 effettuare la registrazione sul portale del Mini-stero dell\u2019Interno (https:\/\/www.interno.gov.it\/it\/temi\/cittadinanza-e-altri-diritti-civili\/cittadinanza\/cittadinanza-invia-tua-domanda).<br \/>\nSi precisa che l\u2019indirizzo email dichiarato sul portale in fase di inoltro della domanda on line costituisce domicilio eletto (art. 47 c.c.), si rende pertanto necessaria una frequente consultazione della propria email in quanto tutte le comunicazioni relative alla domanda di cittadinanza, ivi comprese richieste di integrazione documentale, con-vocazioni, notifiche di provvedimenti, ecc. avverranno UNICAMENTE tra-mite canale informatico.<\/p>\n<p><strong>FASE 2 \u2013 INSERIMENTO ISTANZA (Modello AE)<\/strong><\/p>\n<p>Una volta registrato, il richiedente potr\u00e0 procedere alla compilazione della domanda \u201conline\u201d e all\u2019inserimento di tutti i documenti richiesti sull\u2019apposito portale del Ministero dell\u2019Interno:<br \/>\n(https:\/\/portaleserviziapp.dlci.interno.it). Qualsiasi domanda di carattere tecnico o di contenuto relativa all\u2019istanza online dovr\u00e0 essere risolta rivolgendosi direttamente al Ministero dell\u2019Interno che ha predisposto un servizio di assistenza con FAQ e HelpDesk dedicati.<\/p>\n<p>Attenzione: NOTE PER LA COMPILAZIONE DELLA DOMANDA ONLINE<\/p>\n<ul>\n<li>nel modulo di registrazione vanno inseriti DATA E LUOGO DI NASCITA cos\u00ec come indicati nell\u2019atto di nascita.<\/li>\n<li>Vanno riportate le GENERALIT\u00c0 indicate in atti e documenti formati all\u2019estero dalle competenti autorit\u00e0 straniere. In caso di discordanze, fornire documentazione giustificativa.<\/li>\n<li>specificare nell&#8217;istanza l&#8217;eventuale presenza di figli minori del\/della richiedente, nati da una precedente relazione<\/li>\n<\/ul>\n<p><strong>FASE 3 \u2013 VERIFICA CONSOLARE<\/strong><\/p>\n<p>L\u2019Ufficio Consolare sar\u00e0 automaticamente informato della presentazione della domanda e proceder\u00e0 alle necessarie VERIFICHE.<br \/>\nIl richiedente ricever\u00e0 quindi, in modalit\u00e0 telematica tramite il portale del Ministero dell\u2019Interno, una comunicazione relativa all\u2019accettazione o al motivo dell\u2019inammissibilit\u00e0.<br \/>\nIn caso di accettazione della domanda, il richiedente sar\u00e0 convocato, per via telematica, presso la Rappresentanza diplomatico-consolare per l\u2019autentica della firma apposta sulla domanda di cittadinanza, per la consegna di tutta la documentazione cartacea IN ORIGINALE, ivi compresa quella gi\u00e0 trasmessa per via telematica tramite il Portale, per la riscossione o verifica dell\u2019avvenuto pagamento delle percezioni consolari previste.<br \/>\nTutta la documentazione di cui sopra sar\u00e0 conservata in originale dalla Rappresentanza diplomatico-consolare, ad eccezione del passaporto e del certificato linguistico, per i quali verr\u00e0 effettuata una copia conforme con relativi pagamenti.<\/p>\n<p><strong>FASE 4 \u2013 VALUTAZIONE e TERMINI DEL PROCEDIMENTO<\/strong><\/p>\n<p>La valutazione della domanda e la definizione del procedimento sono di esclusiva competenza del Ministero dell\u2019Interno: 24 mesi dalla data di presentazione della domanda &#8211; prorogabili fino al massimo di 36 mesi &#8211; per le istanze di cittadinanza presentate a partire dal 20 dicembre 2020 (data di entrata in vigore della L. 18 dicembre 2020 n. 173). Qualora al termine della valutazione della pratica il procedimento si concluda positivamente, il Ministero dell\u2019Interno invier\u00e0 il Decreto di conferimento di cittadinanza italiana alla Rappresentanza diplomatico-consolare competente per residenza dell\u2019interessato\/a.<\/p>\n<p><strong>FASE 5 \u2013 DECRETO, NOTIFICA E GIURAMENTO<\/strong><\/p>\n<p>Il Decreto di conferimento della cittadinanza italiana verr\u00e0 notificato \u2013 tramite portale \u2013 con comunicazione indirizzata all\u2019email indicata dal richiedente in fase di registrazione. All\u2019atto della notifica verranno altres\u00ec richiesti documenti \u2013 previsti dalla normativa nazionale \u2013 volti a verificare la permanenza del vincolo coniugale. Tali documenti devono avere data successiva all\u2019adozione del decreto:<\/p>\n<ul>\n<li>atto integrale di matrimonio rilasciato dal competente Comune italiano;<\/li>\n<li>certificato penale del Paese di attuale residenza, debitamente legalizzato e tradotto (vedi sezione documenti);<\/li>\n<li>certificato di esistenza in vita del coniuge\/parte dell\u2019unione civile italiano\/a qualora non sia presente all\u2019atto del giuramento.<\/li>\n<\/ul>\n<p>Alla data di adozione del decreto, quindi, non deve essere intervenuto lo scioglimento, l\u2019annullamento o la cessazione degli effetti civili del matrimonio o dell\u2019unione civile n\u00e9 la separazione personale (sentenza di separazione).<br \/>\nEntro e non oltre sei mesi dalla notifica, l\u2019interessato verr\u00e0 convocato presso gli uffici consolari, per prestare giuramento di fedelt\u00e0 alla Repubblica e alle sue leggi.<\/p>\n<p>\u00c8 previsto il pagamento della marca da bollo sul decreto.<\/p>\n<p>L\u2019atto integrale di matrimonio va richiesto al Comune italiano nei cui registri l\u2019atto risulta trascritto; il certificato penale si richiede alle Autorit\u00e0 competenti nel paese di residenza e dovr\u00e0 essere in regola con le disposizioni in materia di legalizzazione\/apostille e traduzione, come spiegato nella sezione \u201cdocumenti\u201d.<\/p>\n<p>La persona interessata prester\u00e0 giuramento di fedelt\u00e0 alla Repubblica italiana pronunciando le parole:<br \/>\n\u201cGIURO DI ESSERE FEDELE ALLA REPUBBLICA E DI OSSERVARE LA COSTITUZIONE E LE LEGGI DELLO STATO\u201d<\/p>\n<p>Gli effetti del giuramento, ovvero l\u2019acquisto della cittadinanza italiana, saranno efficaci a partire dal giorno successivo a quello del giuramento.<\/p>\n<p>Il certificato di nascita originale sar\u00e0 inviato per la trascrizione al Comune italiano di riferimento insieme alla richiesta di iscrizione all\u2019AIRE e al verbale dell\u2019avvenuto giuramento.<\/p>\n<p>&nbsp;<\/p>\n<p><strong>5.SEMPLIFICAZIONE AMMINISTRATIVA E COSTI<\/strong><\/p>\n<p>Se il richiedente \u00e8 un cittadino di un paese UE potr\u00e0 avvalersi dell\u2019autocertificazione per il possesso della cittadinanza italiana del coniuge\/parte dell\u2019unione civile, per il vincolo di coniugio\/unione civile con cittadino\/a italiano\/a e la composizione del nucleo familiare.<br \/>\nLe informazioni, i dati e i documenti gi\u00e0 in possesso della Pubblica Amministrazione sono acquisite d\u2019ufficio, previa indicazione da parte dell\u2019interessato degli elementi indispensabili per il reperimento delle informazioni richieste (DPR 445\/2000).<\/p>\n<p>Costi:<\/p>\n<p>Contributo di euro 250,00 a favore del Ministero dell\u2019Interno, da effettuare esclusivamente sul conto corrente indicato dal Ministero dell\u2019Interno (ricevuta da inserire nella domanda online)<br \/>\n\u201cMinistero dell\u2019Interno D.L.C.I Cittadinanza\u201d<br \/>\nNome della Banca: Poste Italiane S.p.A.<br \/>\nCodice IBAN: IT54D0760103200000000809020<br \/>\nCausale del versamento: Richiesta cittadinanza per matrimonio ex art. 5 L. 91\/1992 e nome e cognome del richiedente<br \/>\nCodice BIC\/SWIFT di Poste Italiane: BPPIITRRXXX (per bonifici esteri);<br \/>\nCodice BIC\/SWIFT: PIBPITRA (per operazioni del circuito EUROGIRO)<\/p>\n<p>&nbsp;<\/p>\n<p><strong>6.CONTATTI E LINK UTILI<\/strong><\/p>\n<p>TROVA IL TUO CONSOLATO<a href=\"https:\/\/serviziconsolarionline.esteri.it\/ScoFE\/services\/consulate\/find-consulate.sco\"> https:\/\/serviziconsolarionline.esteri.it\/ScoFE\/services\/consulate\/find-consulate.sco<\/a><\/p>\n<p>INVIA LA TUA DOMANDA AL MINISTERO DELL\u2019INTERNO\u00a0<a href=\"https:\/\/portaleserviziapp.dlci.interno.it\/\">https:\/\/portaleserviziapp.dlci.interno.it<\/a><\/p>\n<p>SITO DEL MINISTERO DEGLI ESTERI\u00a0<a href=\"https:\/\/www.esteri.it\/mae\/it\/servizi\/italiani-all-estero\/cittadinanza.html\">https:\/\/www.esteri.it\/mae\/it\/servizi\/italiani-all-estero\/cittadinanza.html<\/a><\/p>\n<p>TABELLA CONSOLARE<a href=\"https:\/\/www.esteri.it\/mae\/en\/ministero\/normativaonline\/normativa_consolare\/tariffa%20consolare\"> https:\/\/www.esteri.it\/mae\/en\/ministero\/normativaonline\/normativa_consolare\/tariffa%20consolare<\/a><\/p>\n<p><strong>Costi<\/strong><\/p>\n<p>A decorrere dall&#8217;8 agosto 2009, le istanze o le dichiarazioni concernenti l&#8217;elezione, l&#8217;acquisto, il riacquisto, la rinuncia o la concessione della cittadinanza italiana sono soggetti al pagamento di un contributo di 250 euro. A decorrere dall\u20198 luglio 2014 tutte le istanze di riconoscimento della cittadinanza italiana di persona maggiorenne sono soggette al pagamento di un diritto per il trattamento della domanda di 300 Euro.<\/p>\n<p>Si prega di visionare le informazioni istituzionali al seguente link:<\/p>\n<p><a href=\"http:\/\/www.esteri.it\/MAE\/IT\/Italiani_nel_Mondo\/ServiziConsolari\/Cittadinanza.htm\">http:\/\/<\/a><a href=\"http:\/\/www.esteri.it\/mae\/it\/servizi\/italiani-all-estero\/cittadinanza.html\">www.esteri.it\/mae\/it\/servizi\/italiani-all-estero\/cittadinanza.html<\/a><\/p>\n<p>MODULISTICA<\/p>\n<ul>\n<li><a href=\"https:\/\/conscanton.esteri.it\/wp-content\/uploads\/2023\/05\/8_cittadinanza_per_matrimonio_modifiche.doc\">Domanda di cittadinanza italiana per matrimonio<\/a><\/li>\n<li><a href=\"https:\/\/conscanton.esteri.it\/wp-content\/uploads\/2023\/05\/cittadinanza_avi_italiani.docx\">Domanda per riconoscimento della cittadinanza italiana con avi italiani<\/a><\/li>\n<\/ul>\n<p>&nbsp;<\/p>\n","protected":false},"excerpt":{"rendered":"1.CENNI NORMATIVI In conformit\u00e0 alla normativa in vigore, che richiede la conoscenza del-la lingua italiana, le informazioni relative alla cittadinanza per matrimonio vengono fornite in italiano. Coloro che richiedono la cittadinanza italiana per matrimonio o unione civile devono essere a conoscenza dei doveri nei confronti della Repub-blica italiana, primi fra tutti l\u2019adesione ai valori nazionali [&hellip;]","protected":false},"author":8,"featured_media":0,"parent":196,"menu_order":6,"comment_status":"closed","ping_status":"closed","template":"","meta":{"footnotes":""},"class_list":["post-2948","page","type-page","status-publish","hentry"],"_links":{"self":[{"href":"https:\/\/conscanton.esteri.it\/it\/wp-json\/wp\/v2\/pages\/2948","targetHints":{"allow":["GET"]}}],"collection":[{"href":"https:\/\/conscanton.esteri.it\/it\/wp-json\/wp\/v2\/pages"}],"about":[{"href":"https:\/\/conscanton.esteri.it\/it\/wp-json\/wp\/v2\/types\/page"}],"author":[{"embeddable":true,"href":"https:\/\/conscanton.esteri.it\/it\/wp-json\/wp\/v2\/users\/8"}],"replies":[{"embeddable":true,"href":"https:\/\/conscanton.esteri.it\/it\/wp-json\/wp\/v2\/comments?post=2948"}],"version-history":[{"count":4,"href":"https:\/\/conscanton.esteri.it\/it\/wp-json\/wp\/v2\/pages\/2948\/revisions"}],"predecessor-version":[{"id":3560,"href":"https:\/\/conscanton.esteri.it\/it\/wp-json\/wp\/v2\/pages\/2948\/revisions\/3560"}],"up":[{"embeddable":true,"href":"https:\/\/conscanton.esteri.it\/it\/wp-json\/wp\/v2\/pages\/196"}],"wp:attachment":[{"href":"https:\/\/conscanton.esteri.it\/it\/wp-json\/wp\/v2\/media?parent=2948"}],"curies":[{"name":"wp","href":"https:\/\/api.w.org\/{rel}","templated":true}]}}