{"id":3218,"date":"2022-12-18T23:24:23","date_gmt":"2022-12-18T15:24:23","guid":{"rendered":"https:\/\/conscanton.esteri.it\/servizi-consolari-e-visti\/servizi-per-il-cittadino-italiano\/servizi-notarili\/"},"modified":"2025-10-13T19:05:02","modified_gmt":"2025-10-13T11:05:02","slug":"servizi-notarili","status":"publish","type":"page","link":"https:\/\/conscanton.esteri.it\/en\/servizi-consolari-e-visti\/servizi-per-il-cittadino-italiano\/servizi-notarili\/","title":{"rendered":"Notary service"},"content":{"rendered":"<p><strong>ATTI NOTARILI<\/strong><\/p>\n<p>Gli Uffici Consolari esercitano &#8211;\u00a0<strong>esclusivamente nei confronti di cittadini italiani temporaneamente all\u2019estero o iscritti AIRE<\/strong>\u00a0&#8211; alcune funzioni notarili quali il ricevimento di atti pubblici (procure generali o speciali, testamenti), atti notori, autenticazioni e sottoscrizioni su scritture private.<\/p>\n<p>Si tratta di atti\u00a0<strong>redatti in lingua italiana<\/strong>\u00a0per i quali \u00e8 richiesta la conoscenza della lingua e la presenza fisica del dichiarante, munito di un documento di riconoscimento in corso di validit\u00e0, presso il Consolato Generale d\u00cdtalia a Canton.<\/p>\n<p><strong>PROCURE<\/strong><\/p>\n<p>La procura \u00e8 un atto con il quale si d\u00e0 la facolt\u00e0 ad un\u2019altra persona di agire in propria vece e rappresentanza ed a compiere gli atti necessari per raggiungere un determinato scopo (es. vendere, acquistare, amministrare, fare donazione, accettare donazione, costituire o sciogliere societ\u00e0, richiedere pubblicazioni di matrimonio, ecc.).<br \/>\nLe procure si dividono in due categorie:<\/p>\n<p>\u2022\u00a0<strong>procure generali<\/strong>: con questi atti l&#8217;interessato affida al rappresentante la gestione di tutti i suoi affari, sia presenti sia futuri. La procura generale \u00e8 rilasciata a tempo indeterminato.<br \/>\n\u2022\u00a0<strong>procure speciali<\/strong>: con questi atti l&#8217;interessato affida al rappresentante la gestione di una parte dei suoi affari. La procura speciale cessa di avere efficacia nel momento in cui l\u2019incarico particolare per il quale \u00e8 stata rilasciata si conclude.<\/p>\n<p><strong>PROCEDURA PER LA RICHIESTA DI PROCURA<\/strong><\/p>\n<p>I dati che dovranno essere forniti dagli interessati per la preparazione degli atti notarili, da redigere in forma di &#8220;atto pubblico&#8221;, sono i seguenti:<\/p>\n<p>\u2022\u00a0<strong>MANDANTE<\/strong>\u00a0(colui che d\u00e0 mandato\/procura): cognome e nome, luogo e data di nascita, luogo di residenza (citt\u00e0, via\/piazza, numero civico), codice fiscale italiano,\u00a0<strong>dati del passaporto utilizzato per accertare l&#8217;identit\u00e0: n.ro passaporto, Questura, Ambasciata o Consolato che lo ha rilasciato, la data di rilascio e la data di scadenza (si raccomanda di inviare scansione sia della pagina con foto e generalit\u00e0 che della pagina dove \u00e8 specificata l&#8217;Autorit\u00e0\u00b4di rilascio);<\/strong><br \/>\n\u2022\u00a0<strong>PROCURATORE<\/strong>\u00a0(colui che riceve mandato\/procura): cognome e nome, luogo e data di nascita, luogo di residenza (citt\u00e0, via\/piazza, numero civico), codice fiscale italiano<br \/>\n\u2022\u00a0<strong>OGGETTO DELL&#8217;ATTO<\/strong><br \/>\nNon appena la procura sar\u00e0 stata redatta, l&#8217;interessato verr\u00e0 contattato per venire in Consolato (con il proprio passaporto) per la firma, il pagamento dei diritti consolari ed il ritiro del documento.<\/p>\n<p>Le tariffe per diritti consolari,\u00a0da pagare in controvalore in valuta locale (RenMinBi), ammontano a:<\/p>\n<p>&#8211;\u00a0<strong>Procura o mandato GENERALE<\/strong>\u00a0&#8211; Rilascio, modificazione, revoca (per ogni atto): Euro 80, oltre Euro 16 per ogni copia conforme richiesta (l&#8217;originale della Procura Generale resta nella raccolta degli atti notarili della sede);<br \/>\n&#8211;<strong>\u00a0Procura o Mandato SPECIALE<\/strong>\u00a0&#8211; Rilascio, modificazione, revoca, (per ogni atto): Euro 56;<\/p>\n<p><strong>TESTAMENTO PUBBLICO<\/strong><\/p>\n<p>Il testamento pubblico \u00e8 la dichiarazione di volont\u00e0 del testatore resa ad un funzionario delegato alle funzioni notarili in presenza di due testimoni e redatta in forma scritta.<br \/>\nNel testamento segreto, invece, le funzioni dell\u2019Ufficio notarile si limitano al ricevimento formale dell&#8217;atto (il cui contenuto rimane segreto) ed al suo deposito nell&#8217;Ufficio.<br \/>\nIl testamento olografo, infine, non necessita della stesura da parte di un funzionario dell&#8217;Ufficio notarile e pu\u00f2 essere depositato in ogni luogo e presso chiunque. Solitamente esso viene depositato presso l&#8217;Ufficio notarile al fine di evitare la possibilit\u00e0 di un suo smarrimento e per assicurarne l&#8217;immediata pubblicazione alla morte del testatore.<\/p>\n<p><strong>ATTIVIT\u00c0 DI AUTENTICAZIONE<\/strong><\/p>\n<p>L&#8217;attivit\u00e0 di autenticazione \u00e8 normalmente svolta da un pubblico funzionario del Consolato ma pu\u00f2 anche essere svolta da un funzionario delegato alle funzioni notarili. Trattasi in particolare di:<br \/>\n<strong>1. AUTENTICA DI FIRMA<\/strong>: consiste nell&#8217;attestazione da parte del pubblico funzionario della provenienza di un atto da parte del soggetto che lo ha firmato.<br \/>\nPer procedere all&#8217;autenticazione della firma, \u00e8 necessario presentarsi personalmente presso l\u2019Ufficio Notarile con un documento di riconoscimento ed il proprio codice fiscale;<br \/>\n<strong>2. AUTENTICA DI FOTOGRAFIA<\/strong>: a tal fine \u00e8 necessario presentarsi personalmente presso l\u2019Ufficio Notarile con un documento di riconoscimento e tre fotografie uguali.<\/p>\n<p><strong>L\u2019AUTOCERTIFICAZIONE<\/strong><\/p>\n<p>Per &#8220;autocertificazione&#8221; si intende &#8220;la certificazione prodotta dall\u2019interessato in sostituzione della normale certificazione&#8221; (art.2, legge 15\/1968). Essa rappresenta cio\u00e8 la possibilit\u00e0 per il cittadino di fornire le stesse notizie presenti in un registro pubblico in modo pi\u00f9 semplice e con meno oneri.<br \/>\nLa possibilit\u00e0 di avvalersi dell\u2019autocertificazione \u00e8 concessa a tutti i cittadini italiani e dei Paesi europei.<br \/>\nLa facolt\u00e0 di avvalersi di dichiarazioni sostitutive \u00e8 stata estesa anche ai cittadini extracomunitari regolarmente soggiornanti in Italia limitatamente ai dati verificabili o certificabili in Italia da soggetti pubblici.<br \/>\nL\u2019autocertificazione e le dichiarazioni sostitutive possono essere utilizzate nei rapporti con la Pubblica Amministrazione e con i concessionari e i gestori di pubblici servizi.<br \/>\nNon possono invece essere utilizzate nei rapporti tra i privati, salvo che gli stessi non vi acconsentano, e davanti all\u2019autorit\u00e0 giudiziaria nello svolgimento di funzioni giurisdizionali.<br \/>\nModalit\u00e0 della dichiarazione sostitutiva di certificati:<\/p>\n<p>La dichiarazione sostitutiva delle normali certificazioni si pu\u00f2 fare scrivendo su carta semplice e firmando sotto la propria ed esclusiva responsabilit\u00e0 (non \u00e8 necessario firmare davanti all\u2019impiegato) o compilando dichiarazioni sostitutive.<\/p>\n<p><strong>Cosa \u00e8 possibile autocertificare?<\/strong><\/p>\n<p>&#8211; la data e il luogo di nascita,<br \/>\n&#8211; la residenza,<br \/>\n&#8211; la cittadinanza,<br \/>\n&#8211; il godimento dei diritti politici,<br \/>\n&#8211; lo stato civile (celibe\/nubile, coniugato\/a, vedovo\/a, divorziato\/a),<br \/>\n&#8211; lo stato di famiglia,<br \/>\n&#8211; l&#8217;esistenza in vita,<br \/>\n&#8211; la nascita del figlio,<br \/>\n&#8211; il decesso del coniuge, dell&#8217;ascendente o del discendente,<br \/>\n&#8211; la posizione agli effetti degli obblighi militari,<br \/>\n&#8211; l&#8217;iscrizione in albi o elenchi tenuti dalla pubblica amministrazione,<br \/>\n&#8211; il titolo di studio o qualifica professionale posseduta, gli esami sostenuti; il titolo di specializzazione, di abilitazione, di formazione, di aggiornamento e di qualifica tecnica,<br \/>\n&#8211; la situazione reddituale ed economica, anche ai fini della concessione di benefici e vantaggi di qualsiasi tipo previsti da leggi speciali; l\u2019assolvimento di specifici obblighi contributivi con l&#8217;indicazione dell&#8217;ammontare corrisposto; l\u2019assolvimento di specifici obblighi contributivi con l&#8217;indicazione dell&#8217;ammontare del tributo assolto;<br \/>\n&#8211; il possesso e numero del codice fiscale, della partita IVA e di qualsiasi dato presente nell&#8217;archivio dell&#8217;anagrafe tributaria e inerente all&#8217;interessato,<br \/>\n&#8211; lo stato di disoccupazione; qualit\u00e0 di pensionato e categoria di pensione; qualit\u00e0 di studente o di casalinga,<br \/>\n&#8211; la qualifica di legale rappresentante di persone fisiche o giuridiche, di tutore, di curatore e simili,<br \/>\n&#8211; l\u2019iscrizione presso associazioni o formazioni sociali di qualsiasi tipo,<br \/>\n&#8211; tutte le posizioni relative all&#8217;adempimento degli obblighi militari, ecc.,<br \/>\n&#8211; di non aver riportato condanne penali,<br \/>\n&#8211; tutti i dati a diretta conoscenza dell&#8217;interessato contenuti nei registri di stato civile.<\/p>\n<p><strong>ATTENZIONE: NON SONO SOSTITUIBILI CON L&#8217;AUTOCERTIFICAZIONE I CERTIFICATI MEDICI, SANITARI E VETERINARI<\/strong><\/p>\n<p><strong>ATTI NOTORI<\/strong><\/p>\n<p>Gli interessati possono ricorrere all\u2019autocertificazione per tutti gli stati, fatti e qualit\u00e0 personali che non siano certificabili da parte di una pubblica amministrazione, mediante dichiarazione sostitutiva dell\u2019atto di notoriet\u00e0 ai sensi dell\u2019art.47 del DPR 445\/2000.<br \/>\nInoltre, la dichiarazione sostitutiva dell\u2019atto di notoriet\u00e0 pu\u00f2 riguardare anche circostanze relative ad altri soggetti, di cui il dichiarante abbia diretta conoscenza, nonch\u00e9 la possibilit\u00e0 di attestare la conformit\u00e0 all\u2019originale di una pubblicazione.<br \/>\nLa dichiarazione sostitutiva di atti notori pu\u00f2 essere fatta dichiarando fatti, stati o qualit\u00e0 personali a diretta conoscenza dell\u2019interessato dinanzi al funzionario competente a ricevere la documentazione, o dinanzi a un notaio, cancelliere, segretario comunale o altro funzionario incaricato dal sindaco .<br \/>\nQualora si tratti di stati, fatti e qualit\u00e0 personali certificabili o attestabili da parte di un altro soggetto pubblico e l\u2019amministrazione ritenga necessario controllare la veridicit\u00e0 delle dichiarazioni, ha a disposizione 15 giorni di tempo dalle dichiarazioni per richiedere la necessaria documentazione.<\/p>\n<p><strong>Validit\u00e0 delle dichiarazioni sostitutive di normali certificazioni e di atti notori:<\/strong><\/p>\n<p>Le dichiarazioni sostitutive hanno la stessa validit\u00e0 degli atti che sostituiscono.<br \/>\nNormalmente i certificati hanno validit\u00e0 per sei mesi dalla data in cui sono stati rilasciati, salvo che norme di legge o regolamentari non dispongano una validit\u00e0 superiore. La validit\u00e0 delle certificazioni anagrafiche e quelle relative allo stato civile \u00e8 prolungabile se l\u2019interessato dichiara che i dati contenuti nel certificato non hanno subito modifiche e sottoscrive tale dichiarazione.<br \/>\nHanno validit\u00e0 illimitata, invece, i certificati e le dichiarazioni sostitutive che attestano stati e fatti personali che non sono soggetti a modificazioni (certificati di nascita, di morte, titoli di studio, ecc.).<\/p>\n<p><strong>Sanzioni per i cittadini che forniscono dichiarazioni non veritiere<\/strong><\/p>\n<p>Se le amministrazioni hanno dubbi sulla veridicit\u00e0 delle autocertificazioni, sono tenute a effettuare i controlli necessari.<br \/>\nNel caso vengano riscontrate dichiarazioni mendaci, la falsit\u00e0 negli atti e l\u2019uso di atti falsi sono puniti ai sensi del codice penale e delle leggi in materia.<br \/>\nIl dichiarante inoltre decade dai benefici eventualmente conseguiti grazie a provvedimenti basati su dichiarazioni non veritiere.<\/p>\n<p>Ulteriori informazioni sono rintracciabili al sito istituzionale del Ministero Affari esteri<br \/>\n<a href=\"http:\/\/www.esteri.it\/MAE\/IT\/Italiani_nel_Mondo\/ServiziConsolari\/AttiNotarili\/\">http:\/\/www.esteri.it\/MAE\/IT\/Italiani_nel_Mondo\/ServiziConsolari\/AttiNotarili\/<\/a><\/p>\n","protected":false},"excerpt":{"rendered":"ATTI NOTARILI Gli Uffici Consolari esercitano &#8211;\u00a0esclusivamente nei confronti di cittadini italiani temporaneamente all\u2019estero o iscritti AIRE\u00a0&#8211; alcune funzioni notarili quali il ricevimento di atti pubblici (procure generali o speciali, testamenti), atti notori, autenticazioni e sottoscrizioni su scritture private. Si tratta di atti\u00a0redatti in lingua italiana\u00a0per i quali \u00e8 richiesta la conoscenza della lingua e [&hellip;]","protected":false},"author":3,"featured_media":0,"parent":3182,"menu_order":0,"comment_status":"closed","ping_status":"closed","template":"","meta":{"footnotes":""},"class_list":["post-3218","page","type-page","status-publish","hentry"],"_links":{"self":[{"href":"https:\/\/conscanton.esteri.it\/en\/wp-json\/wp\/v2\/pages\/3218","targetHints":{"allow":["GET"]}}],"collection":[{"href":"https:\/\/conscanton.esteri.it\/en\/wp-json\/wp\/v2\/pages"}],"about":[{"href":"https:\/\/conscanton.esteri.it\/en\/wp-json\/wp\/v2\/types\/page"}],"author":[{"embeddable":true,"href":"https:\/\/conscanton.esteri.it\/en\/wp-json\/wp\/v2\/users\/3"}],"replies":[{"embeddable":true,"href":"https:\/\/conscanton.esteri.it\/en\/wp-json\/wp\/v2\/comments?post=3218"}],"version-history":[{"count":1,"href":"https:\/\/conscanton.esteri.it\/en\/wp-json\/wp\/v2\/pages\/3218\/revisions"}],"predecessor-version":[{"id":3221,"href":"https:\/\/conscanton.esteri.it\/en\/wp-json\/wp\/v2\/pages\/3218\/revisions\/3221"}],"up":[{"embeddable":true,"href":"https:\/\/conscanton.esteri.it\/en\/wp-json\/wp\/v2\/pages\/3182"}],"wp:attachment":[{"href":"https:\/\/conscanton.esteri.it\/en\/wp-json\/wp\/v2\/media?parent=3218"}],"curies":[{"name":"wp","href":"https:\/\/api.w.org\/{rel}","templated":true}]}}