{"id":3188,"date":"2022-12-18T23:41:37","date_gmt":"2022-12-18T15:41:37","guid":{"rendered":"https:\/\/conscanton.esteri.it\/servizi-consolari-e-visti\/servizi-per-il-cittadino-italiano\/passaporti-e-carte-didentita\/"},"modified":"2025-10-13T18:52:32","modified_gmt":"2025-10-13T10:52:32","slug":"passaporti-e-carte-didentita","status":"publish","type":"page","link":"https:\/\/conscanton.esteri.it\/en\/servizi-consolari-e-visti\/servizi-per-il-cittadino-italiano\/passaporti-e-carte-didentita\/","title":{"rendered":"Italian passport and Id Card"},"content":{"rendered":"<p><strong>RICHIESTA PASSAPORTO<\/strong><\/p>\n<p>Si informano i connazionali, genitori di figli minori, che a partire dal 14 giugno 2023 non sar\u00e0 pi\u00f9 necessario presentare l\u2019atto di assenso dell\u2019altro genitore ai fini del rilascio del proprio documento d\u2019identit\u00e0 (passaporto e CIE), ai sensi del D.L. 69\/2023.<\/p>\n<p>Nello specifico il novellato articolo 3-bis della L. 1185\/1967 indica che, quando vi \u00e8 concreto e attuale pericolo che a causa del trasferimento all&#8217;estero\u00a0 questo\u00a0 possa sottrarsi all&#8217;adempimento dei suoi obblighi verso i figli, sar\u00e0 possibile per l\u2019altro genitore richiedere una inibitoria al rilascio del documento.<\/p>\n<p>L\u2019istanza potr\u00e0 essere presentata presso il giudice competente presso il Tribunale ordinario in cui il minore ha la residenza abituale ovvero, se il minore \u00e8 residente all\u2019estero, il Tribunale nel cui circondario si trova il suo Comune di iscrizione AIRE.<\/p>\n<p>Ai fini del rilascio dei documenti per i minori, invece, resta l\u2019obbligo dell\u2019assenso firmato da entrambi i genitori o da chi esercita la responsabilit\u00e0 genitoriale.<\/p>\n<p>&nbsp;<\/p>\n<p>Per richiedere un nuovo passaporto, l\u2019interessato dovr\u00e0 presentare la seguente documentazione:<\/p>\n<p>\u2013 <em>Modulo di domanda<\/em>, disponibile alla sezione <a href=\"https:\/\/conscanton.esteri.it\/it\/servizi-consolari-e-visti\/servizi-per-il-cittadino-italiano\/modulistica\/\">modulistica<\/a>;<\/p>\n<p>\u2013 Tariffa consolare (costo libretto Euro 42,50+contributo amministrativo Euro 73,50) da pagare in valuta locale e soggetta a variazione di cambio trimestrale. Dal 24 giugno 2014 \u00e8 abolita la tassa annuale del passaporto ordinario;<\/p>\n<p>\u2013 Libretto passaporto attuale.<\/p>\n<p>&nbsp;<\/p>\n<p>La domanda con gli allegati pu\u00f2 essere anticipata via mail a <a href=\"mailto:canton.consolare@esteri.it\">canton.consolare@esteri.it<\/a> se si \u00e8 iscritti AIRE nella circoscrizione di competenza di questo Consolato Generale.<\/p>\n<p>In ogni caso per il rilascio l\u2019interessato dovr\u00e0 presentarsi di persona rendendosi necessaria la rilevazione dei dati biometrici..<\/p>\n<p>I tempi del rilascio possono variare sensibilmente, soprattutto se non si \u00e8 residenti nella circoscrizione consolare e iscritti in AIRE.<\/p>\n<p>&nbsp;<\/p>\n<p>L\u2019esenzione permanente dalla rilevazione delle impronte digitali \u00e8 prevista:<\/p>\n<ol>\n<li>a) in caso di patologia o impedimento fisico permanente opportunamente documentati (ad es. certificazione medica rilasciata da un\u2019autorit\u00e0 sanitaria locale, strutture ospedaliere, ecc.).<\/li>\n<li>b) in caso di menomazione o malformazione fisica evidente (si prescinde in tal caso dalla certificazione medica).<\/li>\n<\/ol>\n<p>In tali casi, viene rilasciato un libretto di passaporto ordinario senza impronte con durata decennale.<\/p>\n<p>Nei casi di impossibilit\u00e0 temporanea alla rilevazione delle impronte digitali non dipendenti dalla volont\u00e0 del richiedente si procede al rilascio del passaporto temporaneo.<\/p>\n<p>E\u2019 inoltre prevista l\u2019esenzione permanente dall\u2019apposizione della firma per:<\/p>\n<ol>\n<li>a) gli analfabeti (previa acquisizione agli atti dell\u2019Ufficio della dichiarazione sostitutiva di atto di notoriet\u00e0);<\/li>\n<li>b) coloro che presentino una impossibilit\u00e0 fisica accertata o documentata che impedisca l\u2019apposizione della firma.<\/li>\n<\/ol>\n<p><strong>FURTO O SMARRIMENTO DEL PASSAPORTO ALL\u2019ESTERO<\/strong><\/p>\n<p>Qualora il cittadino italiano si trovi in una situazione di emergenza a seguito di furto o smarrimento del proprio passaporto, deve innanzitutto recarsi presso un locale ufficio di polizia per sporgere denuncia.<br \/>\nIl modulo di denuncia rilasciato dalla polizia dovr\u00e0 poi essere presentato in Consolato insieme alla richiesta di un nuovo passaporto (ove si faccia in tempo ad esperire la necessaria istruttoria per la sua emissione) o di un documento di viaggio provvisorio, chiamato anche E.T.D. (Emergency Travel Document), con validit\u00e0 limitata per il solo viaggio di rientro in Italia, nel Paese di stabile residenza all\u2019estero o, in casi eccezionali, per una diversa destinazione.<br \/>\nPer Ulteriori informazioni: <a href=\"https:\/\/www.esteri.it\/it\/servizi-consolari-e-visti\/normativa_consolare\/serviziconsolari\/documenti_di_viaggio\/etd\/\">https:\/\/www.esteri.it\/it\/servizi-consolari-e-visti\/normativa_consolare\/serviziconsolari\/documenti_di_viaggio\/etd\/<\/a><br \/>\nPer il rilascio dell\u2019E.T.D. sar\u00e0 necessario presentare allo sportello la denuncia sporta, la copia del passaporto rubato\/smarrito o altro documento d\u2019identit\u00e0, il biglietto aereo e due fotografie frontali e a sfondo bianco di 3,5 x 4 cm.<br \/>\nIl costo \u00e8 di 1,55 Euro da pagare in contanti nella valuta locale (RenMinBi).<br \/>\nSi rende noto all&#8217;utenza che i passaporti oggetto di furto o smarrimento e successivamente rinvenuti da parte delle locali Autorit\u00e0 vengono restituiti a questo Ufficio consolare.<br \/>\nSi invitano pertanto coloro che abbiano recentemente subito un furto\/smarrimento nell&#8217;ambito di questa circoscrizione consolare e vogliano verificare se i propri passaporti siano stati rinvenuti, a contattare questo Ufficio consolare (<a href=\"mailto:canton.consolare@esteri.it\">canton.consolare@esteri.it<\/a>) per ulteriori informazioni in merito.<\/p>\n<p>Si ricorda che trascorso il periodo massimo di un anno di giacenza presso l&#8217;Ufficio consolare, a decorrere dalla data in cui le Autorit\u00e0 locali restituiscono i passaporti rubati o smarriti, senza che i documenti siano stati reclamati dai legittimi proprietari, si proceder\u00e0 alla loro distruzione senza ulteriori comunicazioni.<br \/>\nSul sito web\u00a0<a href=\"http:\/\/www.viaggiaresicuri.it\/\">www.viaggiaresicuri.it\u00a0<\/a>sono disponibili, per ogni singolo Paese, oltre ad una serie di informazioni aggiornate, tutte le indicazioni circa il documento di riconoscimento richiesto per l\u2019ingresso.<\/p>\n<p><strong>RICHIESTA PASSAPORTO PER FIGLI MINORENNI<\/strong><\/p>\n<p>Dal 26 giugno 2012 tutti i minori italiani che viaggiano dovranno essere muniti di documento di viaggio individuale. Pertanto, a partire dalla predetta data i minori, anche se iscritti sui passaporti dei genitori in data antecedente al 25 novembre 2009, dovranno essere in possesso di passaporto individuale oppure, qualora gli Stati attraversati ne riconoscano la validit\u00e0, di carta d\u2019identit\u00e0 valida per l\u2019espatrio o di altro documento equipollente.<br \/>\nLa validit\u00e0 temporale dei passaporti per minori \u00e8 differenziata in base all&#8217;et\u00e0:<br \/>\n\u2022 3 anni di validit\u00e0 per i minori da 0 a 3 anni;<br \/>\n\u2022 5 anni di validit\u00e0 per i minori da 3 a 18 anni.<br \/>\nPer richiedere un nuovo passaporto per figli minorenni, i genitori dovranno presentare la seguente documentazione:<br \/>\n&#8211;\u00a0<a href=\"https:\/\/conscanton.esteri.it\/wp-content\/uploads\/2023\/05\/modulo_richiesta_passaporto_x_minori.pdf\">Modulo di domanda<\/a>, disponibile anche alla sezione modulistica;<br \/>\n&#8211; Autorizzazione dell\u2019altro genitore. I cittadini italiani e comunitari possono inoltrare o presentare l\u2019assenso con il\u00a0<a href=\"https:\/\/conscanton.esteri.it\/wp-content\/uploads\/2023\/05\/69257_f_cons573PASSAPORTOASSENSODELLALTROGENITOREDIFIGLIMINORENN.doc\">modello<\/a>\u00a0disponibile alla sezione modulistica, accompagnato da un documento di riconoscimento completo di firma, mentre i cittadini extra-comunitari devono presentarsi personalmente in Consolato Generale o, in alternativa, con un atto di assenso autenticato da un notaio cinese.<\/p>\n<p>&#8211; Tariffa consolare (costo libretto Euro 42,50+contributo amministrativo Euro 73,50)\u00a0da pagare in valuta locale soggetta a variazione di cambio trimestrale. Dal 24 giugno 2014 \u00e8 abolita la tassa annuale del passaporto ordinario;<br \/>\n&#8211; Due fotografie frontali e a fondo bianco del minore di 3,5&#215;4,5 cm;<br \/>\n&#8211; Libretto passaporto del minore se del caso.<\/p>\n<p>La presenza del minore in Consolato Generale, indipendentemente dall\u2019et\u00e0, \u00e8 obbligatoriamente richiesta.<br \/>\nLe impronte digitali dei minori e la firma sono acquisite solo a partire dal 12\u00b0 anno di et\u00e0.<br \/>\nI tempi del rilascio possono variare sensibilmente, soprattutto se il minore non \u00e8 residente nella circoscrizione consolare e iscritto in AIRE.<\/p>\n<p><strong>DICHIARAZIONE DI ACCOMPAGNAMENTO PER MINORI DI ANNI 14<\/strong><\/p>\n<p>Tutti i un minori di anni 14 che viaggiano non accompagnati da uno dei genitori o da chi ne fa le veci, dovranno essere affidati ad una o pi\u00f9 persone, il nome delle quali sar\u00e0 indicato in una apposita\u00a0<a href=\"https:\/\/conscanton.esteri.it\/wp-content\/uploads\/2023\/05\/69259_f_cons575DICHIARAZIONEDIACCOMPAGNAMENTO.pdf\">\u201cDichiarazione di accompagnamento<\/a>\u201d (come previsto dall\u2019art. 3 comma a della Legge n. 1185\/1967). Nella stessa dichiarazione gli esercenti la responsabilit\u00e0 genitoriale o tutoria potranno chiedere la menzione sul passaporto del minore o il rilascio di un\u2019attestazione, emessa da questo Ufficio Consolare, riportante i dati in essa contenuti.<br \/>\nFerma la necessit\u00e0 che sia indicato almeno un accompagnatore, \u00e8 lasciata alla valutazione degli istanti fornire il nominativo di due accompagnatori, i quali saranno tra loro alternativi.<br \/>\nLa Dichiarazione va richiesta all\u2019ufficio consolare ove si \u00e8 residenti, oppure in Questura per i minori residenti in Italia.<br \/>\nLa validit\u00e0 della dichiarazione \u00e8 circoscritta ad un solo viaggio (andata e ritorno) fuori dal Paese di residenza del minore con destinazione determinata. Il termine massimo di validit\u00e0 \u00e8 di 6 mesi e la validit\u00e0 della dichiarazione non pu\u00f2 comunque oltrepassare la data di scadenza del passaporto del minore.<\/p>\n<p>Lo sportello consolare \u00e8 aperto al pubblico nei seguenti orari:<br \/>\n&#8211; da LUN a VEN: 9:15 &#8211; 12:00; MARTEDI&#8217; E GIOVEDI&#8217; anche dalle 14:30 alle 15:30.<\/p>\n<p><strong>L\u2019indirizzo del Consolato Generale \u00e8<\/strong>:<\/p>\n<p><em>Unit 1403, IFP, 8 Huaxia Rd, Pearl River New City, 510623 Guangzhou PRC<br \/>\nTel: +86 20 38396225#135 Fax:\u00a0<span class=\"baec5a81-e4d6-4674-97f3-e9220f0136c1\">+86 20 85506370<a title=\"Call: +86 20 85506370\" href=\"https:\/\/conscanton.esteri.it\/consolato_canton\/it\/i_servizi\/per_i_cittadini\/passaporti#\"><img decoding=\"async\" title=\"Call: +86 20 85506370\" src=\"data:image\/png;base64,iVBORw0KGgoAAAANSUhEUgAAABAAAAAQCAYAAAAf8\/9hAAAACXBIWXMAAA7EAAAOxAGVKw4bAAAAIGNIUk0AAHolAACAgwAA+f8AAIDpAAB1MAAA6mAAADqYAAAXb5JfxUYAAAKLSURBVHjadJPfS5NhFMe\/21xvuhXRyJAZroiSrJnbRdT7vrAf5HBaK5RABmEEwQIvkpZ\/QRcWXdSFw5soKaF0F7qZeLO13mGBDpQsf5CoxVKHOt0Pctp2uvEdrzG\/V+c553w\/54HnPDIiQiGpPMETABoB2AAYd9MRAMMAvGmX+RcAyAoBVJ7gZQDtABworH4AHWmX+bOMZdkjCoXiUzabvcAwzPSsob5p\/VTNY9GcdpnxdmYZ9wJThSCtCr1e\/4XjuNPd3d1KjUZzaGbI27ysqzGQoggAsLa1A7ehArrDxfDNr0oBlQB+wmKxbJFEL968SxoamsjkHaPU9l9piUo6A0RE1DG2QCWdASrpDAzJM5kMI8XecdjVxfEl+K9dxFgsgUvvR6HyBKHyBAEATyKLeGSsENuNcqk5kUjEGm7fzcYqr0ClVODl99+YXEvl6+c1amjVe+ahiGGYaUEQKnmeh91uL43rqheixjpdmzCL11er0PcjhrTLvMfUJsyKYUSeyWQ6enp6tgCgrKxsfbP8bB8AdE1G89cOReMAgOv+Cag8QXRNRkXAsDwcDr+am5tLCYKA3t7eo2dG+1vVK\/MfpRPtA+MIReMYaKj+\/xm9MiICx3EmpVL5wefzFavValis1u1vvHMkdfykCQC0kSGUTo+Ajmnx1dSC7IGD+UUCEYGIwLKsyWazrSeTSSIiMpnNf7Ttz5+ec96fr7\/VnE0mk+QfHMzV3WjcKH\/4rEr05QGFIA6HY4llWRLPRER+v3\/HYrFMFQSIkNra2tVQKJSlfcSyLO0LECFWq3XF6XRGA4HAptTsdrsXeZ6fEHtl+31nAOA4rkUulz\/I5XL63dQGgHEAN8Ph8AYA\/BsAt4ube4GblQIAAAAASUVORK5CYII=\" alt=\"\" \/><\/a><\/span><\/em><\/p>\n<p>\u610f\u5927\u5229\u9a7b\u5e7f\u5dde\u603b\u9886\u4f7f\u9986\u4e2d\u56fd\u5e7f\u5dde\u5e02\u73e0\u6c5f\u65b0\u57ce\u534e\u590f\u8def8\u53f7\u5408\u666f\u56fd\u9645\u91d1\u878d\u5e7f\u573a14\u697c1403\u5ba4 \u90ae\u653f\u7f16\u7801510623<br \/>\n\u7535\u8bdd\u00a0<span class=\"baec5a81-e4d6-4674-97f3-e9220f0136c1\">+86 20 38396225<a title=\"Call: +86 20 38396225\" href=\"https:\/\/conscanton.esteri.it\/consolato_canton\/it\/i_servizi\/per_i_cittadini\/passaporti#\"><img decoding=\"async\" title=\"Call: +86 20 38396225\" src=\"data:image\/png;base64,iVBORw0KGgoAAAANSUhEUgAAABAAAAAQCAYAAAAf8\/9hAAAACXBIWXMAAA7EAAAOxAGVKw4bAAAAIGNIUk0AAHolAACAgwAA+f8AAIDpAAB1MAAA6mAAADqYAAAXb5JfxUYAAAKLSURBVHjadJPfS5NhFMe\/21xvuhXRyJAZroiSrJnbRdT7vrAf5HBaK5RABmEEwQIvkpZ\/QRcWXdSFw5soKaF0F7qZeLO13mGBDpQsf5CoxVKHOt0Pctp2uvEdrzG\/V+c553w\/54HnPDIiQiGpPMETABoB2AAYd9MRAMMAvGmX+RcAyAoBVJ7gZQDtABworH4AHWmX+bOMZdkjCoXiUzabvcAwzPSsob5p\/VTNY9GcdpnxdmYZ9wJThSCtCr1e\/4XjuNPd3d1KjUZzaGbI27ysqzGQoggAsLa1A7ehArrDxfDNr0oBlQB+wmKxbJFEL968SxoamsjkHaPU9l9piUo6A0RE1DG2QCWdASrpDAzJM5kMI8XecdjVxfEl+K9dxFgsgUvvR6HyBKHyBAEATyKLeGSsENuNcqk5kUjEGm7fzcYqr0ClVODl99+YXEvl6+c1amjVe+ahiGGYaUEQKnmeh91uL43rqheixjpdmzCL11er0PcjhrTLvMfUJsyKYUSeyWQ6enp6tgCgrKxsfbP8bB8AdE1G89cOReMAgOv+Cag8QXRNRkXAsDwcDr+am5tLCYKA3t7eo2dG+1vVK\/MfpRPtA+MIReMYaKj+\/xm9MiICx3EmpVL5wefzFavValis1u1vvHMkdfykCQC0kSGUTo+Ajmnx1dSC7IGD+UUCEYGIwLKsyWazrSeTSSIiMpnNf7Ttz5+ec96fr7\/VnE0mk+QfHMzV3WjcKH\/4rEr05QGFIA6HY4llWRLPRER+v3\/HYrFMFQSIkNra2tVQKJSlfcSyLO0LECFWq3XF6XRGA4HAptTsdrsXeZ6fEHtl+31nAOA4rkUulz\/I5XL63dQGgHEAN8Ph8AYA\/BsAt4ube4GblQIAAAAASUVORK5CYII=\" alt=\"\" \/><\/a><\/span>\u00a0\u8f6c 135 \u4f20\u771f\u00a0<span class=\"baec5a81-e4d6-4674-97f3-e9220f0136c1\">+86 20 85506370<a title=\"Call: +86 20 85506370\" href=\"https:\/\/conscanton.esteri.it\/consolato_canton\/it\/i_servizi\/per_i_cittadini\/passaporti#\"><img decoding=\"async\" title=\"Call: +86 20 85506370\" src=\"data:image\/png;base64,iVBORw0KGgoAAAANSUhEUgAAABAAAAAQCAYAAAAf8\/9hAAAACXBIWXMAAA7EAAAOxAGVKw4bAAAAIGNIUk0AAHolAACAgwAA+f8AAIDpAAB1MAAA6mAAADqYAAAXb5JfxUYAAAKLSURBVHjadJPfS5NhFMe\/21xvuhXRyJAZroiSrJnbRdT7vrAf5HBaK5RABmEEwQIvkpZ\/QRcWXdSFw5soKaF0F7qZeLO13mGBDpQsf5CoxVKHOt0Pctp2uvEdrzG\/V+c553w\/54HnPDIiQiGpPMETABoB2AAYd9MRAMMAvGmX+RcAyAoBVJ7gZQDtABworH4AHWmX+bOMZdkjCoXiUzabvcAwzPSsob5p\/VTNY9GcdpnxdmYZ9wJThSCtCr1e\/4XjuNPd3d1KjUZzaGbI27ysqzGQoggAsLa1A7ehArrDxfDNr0oBlQB+wmKxbJFEL968SxoamsjkHaPU9l9piUo6A0RE1DG2QCWdASrpDAzJM5kMI8XecdjVxfEl+K9dxFgsgUvvR6HyBKHyBAEATyKLeGSsENuNcqk5kUjEGm7fzcYqr0ClVODl99+YXEvl6+c1amjVe+ahiGGYaUEQKnmeh91uL43rqheixjpdmzCL11er0PcjhrTLvMfUJsyKYUSeyWQ6enp6tgCgrKxsfbP8bB8AdE1G89cOReMAgOv+Cag8QXRNRkXAsDwcDr+am5tLCYKA3t7eo2dG+1vVK\/MfpRPtA+MIReMYaKj+\/xm9MiICx3EmpVL5wefzFavValis1u1vvHMkdfykCQC0kSGUTo+Ajmnx1dSC7IGD+UUCEYGIwLKsyWazrSeTSSIiMpnNf7Ttz5+ec96fr7\/VnE0mk+QfHMzV3WjcKH\/4rEr05QGFIA6HY4llWRLPRER+v3\/HYrFMFQSIkNra2tVQKJSlfcSyLO0LECFWq3XF6XRGA4HAptTsdrsXeZ6fEHtl+31nAOA4rkUulz\/I5XL63dQGgHEAN8Ph8AYA\/BsAt4ube4GblQIAAAAASUVORK5CYII=\" alt=\"\" \/><\/a><\/span><br \/>\n\u5bf9\u5916\u5f00\u529e\u516c\u65f6\u95f4 \u661f\u671f\u4e00\u81f3\u661f\u671f\u4e94 9:15 -12:00, \u661f\u671f\u4e8c\u53ca\u661f\u671f\u56db14:30 &#8211; 15:30<\/p>\n<p>&nbsp;<\/p>\n<p>&nbsp;<\/p>\n<p><strong>CARTA D&#8217;IDENTIT\u00c0<\/strong> <strong>ELETTRONICA (CIE)<\/strong><\/p>\n<p>Il Consolato Generale d\u2019Italia a Canton \u00e8 abilitato a ricevere le richieste per il rilascio della carta d\u2019identit\u00e0 elettronica (CIE) a favore dei connazionali residenti AIRE in circoscrizione, comprendente le province di Guangdong, Fujian, Hainan, Hunan, Guangxi, Jiangxi.<\/p>\n<p><strong>1. Che cos\u2019\u00e8 la carta d\u2019identit\u00e0 elettronica?<\/strong><br \/>\nLa carta d\u2019identit\u00e0 \u00e8 un documento personale di riconoscimento valido per identificarsi e circolare nell\u2019Unione Europea, in alcuni Stati aderenti all\u2019accordo di Schengen e in altri Stati con cui sono stati raggiunti accordi bilaterali (vedasi le singole \u201cschede Paese\u201d sul sito\u00a0<a href=\"http:\/\/www.viaggiaresicuri.it\/\">www.viaggiaresicuri.it<\/a>).<\/p>\n<p>&nbsp;<\/p>\n<p><strong>2. A chi pu\u00f2 essere rilasciata la carta d\u2019identit\u00e0 elettronica?<\/strong><br \/>\nIl Consolato Generale d\u2019Italia a Canton pu\u00f2 ricevere le richieste di rilascio della CIE <strong>esclusivamente da parte dei cittadini italiani iscritti AIRE residenti in questa circoscrizione consolare.<\/strong><\/p>\n<p>&nbsp;<\/p>\n<p><strong>3. In quali casi si pu\u00f2 richiedere la CIE? <\/strong><\/p>\n<ul>\n<li>in sostituzione di una carta di identit\u00e0 cartacea in corso di validit\u00e0;<\/li>\n<li>in caso di primo rilascio;<\/li>\n<li>in caso di furto, smarrimento, scadenza o deterioramento della precedente CIE.<\/li>\n<\/ul>\n<p>&nbsp;<\/p>\n<p><strong>4. <\/strong><strong>Modalit\u00e0 di pagamento<\/strong><\/p>\n<p>I diritti consolari ammontano ad Euro 21,95 e <strong>il pagamento deve essere effettuato in RMB<\/strong>.<\/p>\n<p>&nbsp;<\/p>\n<p><strong>Attenzione<\/strong>:<\/p>\n<p>&#8211; La CIE viene spedita dall\u2019Istituto Poligrafico Zecca dello Stato e sar\u00e0 disponibile dopo circa due mesi dal momento della richiesta. La consegna potr\u00e0 avvenire in Consolato oppure a domicilio tramite corriere espresso (con spedizione a spese del destinatario);<\/p>\n<p>&#8211; Per i connazionali che siano gi\u00e0 in possesso di CIE, la precedente CIE verr\u00e0 annullata al momento della richiesta di quella nuova.<\/p>\n<p>&nbsp;<\/p>\n<p><strong>\u00a0<\/strong><\/p>\n<p><strong>PROCEDURA DI RICHIESTA DELLA CARTA D&#8217;IDENTIT\u00c0<\/strong><\/p>\n<p>1. Il primo passo per richiedere una CIE sar\u00e0 contattare via email il Consolato all\u2019indirizzo <a href=\"mailto:canton.consolare@esteri.it\">canton.consolare@esteri.it<\/a> e inviando quanto segue:<\/p>\n<ul>\n<li>Copia del proprio passaporto in corso di validit\u00e0;<\/li>\n<li>Copia della propria CIE (se gi\u00e0 in possesso di una);<\/li>\n<li><a href=\"https:\/\/conscanton.esteri.it\/wp-content\/uploads\/2024\/06\/Dichiarazione-per-ritiro-CIE.docx\">Dichiarazione per ritiro CIE<\/a>, compilata a computer;<\/li>\n<li>Attuale indirizzo di<strong> residenza AIRE<\/strong> (nel corpo dell\u2019email)<\/li>\n<li>In caso di furto\/smarrimento della precedente CIE, fotocopia della denuncia di smarrimento\/furto;<\/li>\n<\/ul>\n<p>Nel caso in cui si faccia richiesta per il rilascio di una CIE a <strong>favore di un minore<\/strong>, oltre ai documenti sopra indicati, sanno inoltre necessari:<\/p>\n<ul>\n<li>Scansione del passaporto di entrambi i genitori e del minore;<\/li>\n<li>Scansione del <a href=\"https:\/\/conscanton.esteri.it\/wp-content\/uploads\/2024\/06\/modulo-assenso-minori-ITA.docx\"><strong>modulo di assenso<\/strong><\/a> debitamente compilato e firmato da entrambi i genitori;<\/li>\n<\/ul>\n<p>2. Dopo aver svolto tutte le verifiche necessarie, il connazionale verr\u00e0 convocato per la rilevazione dei dati biometrici, che avverr\u00e0 in Consolato.<\/p>\n<p>3. Il giorno dell\u2019appuntamento, sar\u00e0 necessario portare con s\u00e9 il proprio passaporto in corso di validit\u00e0 e, se lo si desidera, una fototessera a sfondo bianco, dimensioni 3,5 x 4,5 cm. In alternativa, sar\u00e0 possibile scattare gratuitamente la foto in Consolato al momento della presentazione della domanda.<\/p>\n<p>4. La richiesta per il rilascio della CIE verr\u00e0 inviata all\u2019Istituto Poligrafico e Zecca dello Stato, che provveder\u00e0 alla stampa del documento. Successivamente, la CIE verr\u00e0 spedita dal Consolato all\u2019indirizzo indicato al momento della presentazione della domanda via corriere (con spedizione a carico del destinatario).<\/p>\n<p><strong>\u00a0<\/strong><\/p>\n<p><strong>Modulistica<\/strong><\/p>\n<ul>\n<li><a href=\"https:\/\/conscanton.esteri.it\/wp-content\/uploads\/2024\/06\/Dichiarazione-per-ritiro-CIE.docx\">Dichiarazione per ritiro CIE<\/a><\/li>\n<li><a href=\"https:\/\/conscanton.esteri.it\/wp-content\/uploads\/2024\/06\/modulo-assenso-minori-ITA.docx\">Modulo di assenso per minori in lingua italiana<\/a><\/li>\n<li><a href=\"https:\/\/conscanton.esteri.it\/wp-content\/uploads\/2024\/06\/modulo-assenso-minori-ITA-ENG-\u4e2d\u6587.docx\">Modulo di assenso per minori in lingua italiana, inglese e cinese<\/a><\/li>\n<\/ul>\n","protected":false},"excerpt":{"rendered":"RICHIESTA PASSAPORTO Si informano i connazionali, genitori di figli minori, che a partire dal 14 giugno 2023 non sar\u00e0 pi\u00f9 necessario presentare l\u2019atto di assenso dell\u2019altro genitore ai fini del rilascio del proprio documento d\u2019identit\u00e0 (passaporto e CIE), ai sensi del D.L. 69\/2023. Nello specifico il novellato articolo 3-bis della L. 1185\/1967 indica che, quando [&hellip;]","protected":false},"author":3,"featured_media":0,"parent":3182,"menu_order":0,"comment_status":"closed","ping_status":"closed","template":"","meta":{"footnotes":""},"class_list":["post-3188","page","type-page","status-publish","hentry"],"_links":{"self":[{"href":"https:\/\/conscanton.esteri.it\/en\/wp-json\/wp\/v2\/pages\/3188","targetHints":{"allow":["GET"]}}],"collection":[{"href":"https:\/\/conscanton.esteri.it\/en\/wp-json\/wp\/v2\/pages"}],"about":[{"href":"https:\/\/conscanton.esteri.it\/en\/wp-json\/wp\/v2\/types\/page"}],"author":[{"embeddable":true,"href":"https:\/\/conscanton.esteri.it\/en\/wp-json\/wp\/v2\/users\/3"}],"replies":[{"embeddable":true,"href":"https:\/\/conscanton.esteri.it\/en\/wp-json\/wp\/v2\/comments?post=3188"}],"version-history":[{"count":1,"href":"https:\/\/conscanton.esteri.it\/en\/wp-json\/wp\/v2\/pages\/3188\/revisions"}],"predecessor-version":[{"id":3191,"href":"https:\/\/conscanton.esteri.it\/en\/wp-json\/wp\/v2\/pages\/3188\/revisions\/3191"}],"up":[{"embeddable":true,"href":"https:\/\/conscanton.esteri.it\/en\/wp-json\/wp\/v2\/pages\/3182"}],"wp:attachment":[{"href":"https:\/\/conscanton.esteri.it\/en\/wp-json\/wp\/v2\/media?parent=3188"}],"curies":[{"name":"wp","href":"https:\/\/api.w.org\/{rel}","templated":true}]}}