{"id":3173,"date":"2023-06-09T05:52:37","date_gmt":"2023-06-08T21:52:37","guid":{"rendered":"https:\/\/conscanton.esteri.it\/servizi-consolari-e-visti\/servizi-per-il-cittadino-straniero\/studiare-in-italia\/"},"modified":"2025-10-13T18:48:41","modified_gmt":"2025-10-13T10:48:41","slug":"studiare-in-italia","status":"publish","type":"page","link":"https:\/\/conscanton.esteri.it\/en\/servizi-consolari-e-visti\/servizi-per-il-cittadino-straniero\/studiare-in-italia\/","title":{"rendered":"Study in Italy"},"content":{"rendered":"<p>Questo consolato rilascia dichiarazioni di valore per i titoli conseguiti presso Scuole e Universit\u00e0 della circoscrizione consolare perch\u00e9 gli interessati possano ottenere l\u2019equipollenza dei titoli di studio primari e secondari con analoghi titoli italiani, l\u2019iscrizione a scuole ed Universit\u00e0 italiane, il riconoscimento in Italia degli studi universitari e l\u2019assegnazione di borse di studio.<\/p>\n<p>Per informazioni sulle offerte formative delle Universit\u00e0 ed Istituzioni di alta formazione artistica, musicale e coreutica (AFAM) italiane si pu\u00f2 consultare il portale \u201c<a href=\"https:\/\/www.universitaly.it\/\">UNIVERSITALY<\/a>\u201d dedicato agli studenti stranieri che vogliono studiare in Italia. Il portale, disponibile in lingua inglese e italiana, fornisce tutte le informazioni utili per la scelta del percorso accademico ed \u00e8 articolato in diverse sezioni che presentano il sistema della formazione superiore, le procedure di iscrizione alle universit\u00e0 e suggerimenti utili sulla vita quotidiana e i primi adempimenti accademici e burocratici.<\/p>\n<p>Il portale si affianca al sito del MUR \u201c<a href=\"https:\/\/www.universitaly.it\/\">Studiare in Italia<\/a>\u201d nel quale sono riportate annualmente le procedure per l\u2019ingresso, il soggiorno e l\u2019immatricolazione degli studenti internazionali ai corsi di formazione superiore presso le Universit\u00e0 e le Istituzioni AFAM e di registrazione alle prove di ammissione relative ai corsi di laurea ad accesso programmato. All\u2019interno del sito \u201c<a href=\"https:\/\/www.universitaly.it\/\">Studiare in Italia<\/a>\u201d \u00e8 inoltre disponibile un motore di ricerca aggiornato periodicamente con l\u2019intera offerta di corsi di studi delle Universit\u00e0\/AFAM italiane per un totale di circa 5.000 corsi di laurea.<\/p>\n<p>A questo <a href=\"https:\/\/ambpechino.esteri.it\/wp-content\/uploads\/2024\/03\/QRCODE-delle-Universita-e-AFAM.pdf\">link<\/a> \u00e8 possibile reperire i QRcode della maggior parte delle Universit\u00e0\/AFAM italiane predisposto da\u00a0<a href=\"https:\/\/uni-italia.net\/china\/\">Uni-Italia<\/a>.<\/p>\n<p>&nbsp;<\/p>\n<p><strong>UNI-ITALIA<\/strong><\/p>\n<p><a href=\"https:\/\/uni-italia.net\/\">Uni-Italia<\/a>\u00a0\u00e8 un\u2019Associazione fondata congiuntamente dal Ministero degli Affari Esteri e della Cooperazione Internazionale, dal Ministero dell\u2019Universit\u00e0 e della Ricerca, dal Ministero dell\u2019Interno, da ICE Agenzia e dalla Conferenza dei Rettori Italiani (CRUI), che promuove lo studio in Italia all\u2019estero, l\u2019attrazione di studenti e ricercatori internazionali verso le istituzioni di istruzione superiore italiane e sostiene l\u2019internazionalizzazione della cooperazione accademica.<\/p>\n<p>Gli studenti interessati ad iscriversi alle Universit\u00e0 e negli Istituti di AFAM potranno rivolgersi anche all\u2019Associazione Uni-Italia per la richiesta di informazioni sui corsi di laurea, sui posti disponibili e per la necessaria assistenza per il perfezionamento della domanda di preiscrizione. Per contattare Uni-Italia si pu\u00f2 scrivere un\u2019email a: <a href=\"mailto:guangzhou@uni-italia.it\">guangzhou@uni-italia.it<\/a> o chiamare il numero: 020-38396225-141.<\/p>\n<p>Per poter usufruire dei servizi offerti dall\u2019Associazione\u00a0<a href=\"https:\/\/uni-italia.net\/china\/\">Uni-Italia<\/a>\u00a0sar\u00e0 necessario il pagamento, non rimborsabile, di 1860 RMB al netto delle spese bancarie con versamento bancario a:<\/p>\n<p>\u2013 c\/c n.: 715957974198<\/p>\n<p>\u2013 Beneficiario: Consolato Generale d\u2019Italia a Guangzhou<\/p>\n<p>\u2013 Banca: Bank of China Guangzhou International Trade Building<\/p>\n<p>\u2013 Causale: CE \u2013 Cognome e nome (in cinese e in pinyin, es.: CE \u2013 \u738b\u5e73WANG PING)<\/p>\n<p>MPT\u2013 Cognome e nome (in cinese e in pinyin, es.: MPT \u2013 \u738b\u5e73WANG PING) \u2013 per studenti dei progetti Marco Polo\/Turandot<\/p>\n<p>&nbsp;<\/p>\n<p><strong>STUDENTI RICHIEDENTI PREISCRIZIONE PRESSO LE UNIVERSIT\u00c0 E LE ISTITUZIONI AFAM ITALIANE<\/strong><\/p>\n<p>Gli studenti stranieri interessati ad iscriversi alle Universit\u00e0\/Istituzioni AFAM Italiane dovranno accedere al portale\u00a0<a href=\"https:\/\/www.universitaly.it\/\">UNIVERSITALY<\/a>\u00a0al fine di compilare la relativa domanda di preiscrizione in modalit\u00e0 telematica, come riportato sulla circolare del MUR pubblicata sul portale\u00a0<a href=\"https:\/\/www.universitaly.it\/\">Studiare in Italia<\/a>.<\/p>\n<p>&nbsp;<\/p>\n<p><strong>STUDENTI CINESI RICHIEDENTI PREISCRIZIONE PRESSO LE UNIVERSIT\u00c0\/<\/strong><br \/>\n<strong>ISTITUZIONI ALTA FORMAZIONE ARTISTICA, MUSICALE E COREUTICA (AFAM) ITALIANE TRAMITE IL PROGRAMMA MARCO POLO E TURANDOT<\/strong><\/p>\n<p>A partire dall\u201911 luglio 2025 sono disponibili sul Portale\u00a0<a href=\"https:\/\/www.universitaly.it\/\">UNIVERSITALY<\/a>\u00a0le nuove disposizioni operative dei progetti di mobilit\u00e0 bilaterale \u201cMarco Polo\u201d e \u201cTurandot\u201d per l\u2019Anno Accademico 2025\/2026, istituti il 2 ottobre 2006 attraverso lo \u201cScambio di Note Verbali\u201d tra il Governo italiano e quello della Repubblica Popolare Cinese.<\/p>\n<p>Tali progetti forniscono la possibilit\u00e0 agli studenti cinesi di ottenere il visto di ingresso in Italia per accedere alle Istituzioni appartenenti al sistema della formazione superiore italiano nei corsi di studio che prevedono un contingente per detti studenti, a condizione che frequentino preventivamente un corso di lingua italiana della durata di 10 o 11 mesi.<\/p>\n<p>Gli studenti cinesi interessati a partecipare a detti Progetti potranno effettuare, a partire dalla data sopra indicata, le pre-iscrizioni per l\u2019A.A. 2025\/2026 presso tutte le Istituzioni appartenenti al sistema della formazione superiore italiano. Gli studenti dovranno compilare la domanda di preiscrizione all\u2019interno del portale\u00a0<a href=\"https:\/\/www.universitaly.it\/\">UNIVERSITALY<\/a>\u00a0indicando come motivo di richiesta del visto l\u2019opzione \u201cMarco Polo \/ Turandot\u201d e compilando tutti i relativi dati richiesti al fine di inviare la propria domanda di preiscrizione all\u2019istituzione di riferimento. Tale istituzione dovr\u00e0 successivamente validarla in linea con quanto stabilito dalle \u201cProcedure per l\u2019ingresso il soggiorno, l\u2019immatricolazione degli studenti internazionali e il relativo riconoscimento dei titoli, per i corsi della formazione superiore in Italia valide per l\u2019A.A. 2025\/2026\u201d.<\/p>\n<p>Il corso di lingua italiana, che dovr\u00e0 avere una durata pari a 80\/100 ore mensili, oltre a prevedere il rilascio di idonea certificazione, ha la finalit\u00e0 di consentire il conseguimento e consolidamento del livello B1 di conoscenza della lingua italiana con l\u2019obiettivo di una crescita delle competenze linguistiche negli anni successivi. I livelli linguistici di riferimento ed i parametri per raggiungerli sono quelli definiti dal Quadro Comune Europeo di riferimento per le lingue (Common European Framework of Reference for Languages \u2013 CEFR), reperibile al seguente link:\u00a0<a href=\"https:\/\/www.coe.int\/en\/web\/common-european-framework-reference-languages\">https:\/\/www.coe.int\/en\/web\/common-european-framework-reference-languages<\/a><\/p>\n<p>Il corso di lingua dovr\u00e0 altres\u00ec prevedere parte del tempo dedicato alla cultura italiana e\/o ai linguaggi settoriali.<\/p>\n<p>Pertanto, per quelle Istituzioni che:<br \/>\n\u27a2 intendessero attivare il corso di lingua italiana della\u00a0<strong>durata di 10 mesi<\/strong>, la scadenza ultima per la presentazione della candidatura da parte degli studenti cinesi \u00e8 stabilita\u00a0<strong>al 29 agosto 2025.<br \/>\n<\/strong>\u27a2 intendessero attivare sperimentalmente corsi di lingua italiana della\u00a0<strong>durata di 11 mesi<\/strong>, la scadenza ultima di presentazione delle domande per gli studenti cinesi \u00e8 anticipata al\u00a0<strong>25 luglio 2025.<\/strong><\/p>\n<p>Gli studenti dovranno specificare nella domanda di preiscrizione, sia l\u2019Istituzione universitaria prescelta per l\u2019immatricolazione al corso di studi sia la sede a cui sono interessati per la frequenza del corso di lingua italiana. Si dovr\u00e0 inoltre indicare all\u2019interno del modulo da compilare la durata del corso in 10 o 11 mesi. Gli studenti si possono iscrivere, oltre ai corsi organizzati dall\u2019Universit\u00e0 per Stranieri di Perugia, Universit\u00e0 per stranieri di Siena, Universit\u00e0 degli Studi Roma\u00a0Tre, dalla Societ\u00e0 \u201cDante Alighieri\u201d nonch\u00e9 dall\u2019Universit\u00e0 per Stranieri di Reggio Calabria, ad eventuali corsi di lingua presso l\u2019Istituzione prescelta o ad un ente esterno o centro linguistico privato di riconosciuta qualit\u00e0 con il quale abbia stipulato un\u2019apposita convenzione.<\/p>\n<p>L\u2019iscrizione ai corsi di laurea e laurea magistrale a ciclo unico prevedono che lo studente abbia conseguito un punteggio minimo di\u00a0<strong>400\/750<\/strong>\u00a0all\u2019esame di idoneit\u00e0 accademica NCEE (<strong>GAO KAO<\/strong>) e, in considerazione di eventuali capacit\u00e0 artistiche, se la preiscrizione riguarda un corso di Diploma accademico di primo livello presso gli Istituti di Formazione Artistica (AFAM), tale punteggio pu\u00f2 essere ridotto fino a\u00a0<strong>300\/750<\/strong>, che con la ponderazione del voto dell\u2019esame di arte (<strong>YI KAO<\/strong>), dovr\u00e0 comunque raggiungere una media totale di almeno\u00a0<strong>400\/750<\/strong>.<\/p>\n<p>L\u2019elenco dei corsi con la corrispondente riserva di posti e\u2019 pubblicato in autonomia dagli atenei all\u2019interno dei propri portali. Per informazioni dettagliate sui corsi si prega di rivolgersi a\u00a0<a href=\"https:\/\/uni-italia.net\/china\/\">Uni-Italia<\/a>.<\/p>\n<p>&nbsp;<\/p>\n<p><strong>PER TUTTI GLI STUDENTI<\/strong><\/p>\n<p>Una volta completata la procedura di registrazione sul portale\u00a0<a href=\"https:\/\/www.universitaly.it\/\">UNIVERSITALY<\/a>\u00a0ed ottenuta la validazione dall\u2019Universit\u00e0\/ AFAM gli studenti potranno inoltrare la domanda di visto di studio al Consolato Generale d\u2019Italia a Canton secondo le indicazioni pubblicate sul nostro sito a questo <a href=\"https:\/\/conscanton.esteri.it\/it\/servizi-consolari-e-visti\/servizi-per-il-cittadino-straniero\/visti\/\">link<\/a>.<\/p>\n<p>Si fa notare che in aggiunta alla documentazione prevista per il rilascio di visto di studio, gli studenti dovranno presentare anche il riepilogo della domanda di preiscrizione generata dalla piattaforma, validata dall\u2019Universit\u00e0\/AFAM, e, se richiesto dall\u2019Universit\u00e0\/AFAM, anche i titoli di studio in originale, tradotti in italiano e legalizzati e la Dichiarazione di Valore, che pu\u00f2 essere sostituita dal Diploma Supplement o dai certificati ENIC-NARI rilasciati dal\u00a0<a href=\"https:\/\/www.cimea.it\/\">CIMEA<\/a>.<\/p>\n<p>Nel caso in cui l\u2019Universit\u00e0\/AFAM richieda espressamente la Dichiarazione di Valore, gli studenti, prima di poter richiedere il visto, dovranno fare richiesta di Dichiarazione di Valore a questo Consolato Generale, anche tramite l\u2019Ufficio\u00a0<a href=\"https:\/\/uni-italia.net\/china\/\">Uni-Italia<\/a>, seguendo le modalit\u00e0 pubblicate al seguente <a href=\"https:\/\/conscanton.esteri.it\/it\/servizi-consolari-e-visti\/servizi-per-il-cittadino-straniero\/studiare-in-italia\/dichiarazione-di-valore-in-loco\/\">link<\/a>.<\/p>\n<p>Informazioni per chiedere i certificati CIMEA sono invece disponibili a\u00a0<a href=\"https:\/\/www.cimea.it\/\">questo link.<\/a><\/p>\n<p>&nbsp;<\/p>\n","protected":false},"excerpt":{"rendered":"Questo consolato rilascia dichiarazioni di valore per i titoli conseguiti presso Scuole e Universit\u00e0 della circoscrizione consolare perch\u00e9 gli interessati possano ottenere l\u2019equipollenza dei titoli di studio primari e secondari con analoghi titoli italiani, l\u2019iscrizione a scuole ed Universit\u00e0 italiane, il riconoscimento in Italia degli studi universitari e l\u2019assegnazione di borse di studio. Per informazioni [&hellip;]","protected":false},"author":7,"featured_media":0,"parent":3155,"menu_order":0,"comment_status":"closed","ping_status":"closed","template":"","meta":{"footnotes":""},"class_list":["post-3173","page","type-page","status-publish","hentry"],"_links":{"self":[{"href":"https:\/\/conscanton.esteri.it\/en\/wp-json\/wp\/v2\/pages\/3173","targetHints":{"allow":["GET"]}}],"collection":[{"href":"https:\/\/conscanton.esteri.it\/en\/wp-json\/wp\/v2\/pages"}],"about":[{"href":"https:\/\/conscanton.esteri.it\/en\/wp-json\/wp\/v2\/types\/page"}],"author":[{"embeddable":true,"href":"https:\/\/conscanton.esteri.it\/en\/wp-json\/wp\/v2\/users\/7"}],"replies":[{"embeddable":true,"href":"https:\/\/conscanton.esteri.it\/en\/wp-json\/wp\/v2\/comments?post=3173"}],"version-history":[{"count":1,"href":"https:\/\/conscanton.esteri.it\/en\/wp-json\/wp\/v2\/pages\/3173\/revisions"}],"predecessor-version":[{"id":3176,"href":"https:\/\/conscanton.esteri.it\/en\/wp-json\/wp\/v2\/pages\/3173\/revisions\/3176"}],"up":[{"embeddable":true,"href":"https:\/\/conscanton.esteri.it\/en\/wp-json\/wp\/v2\/pages\/3155"}],"wp:attachment":[{"href":"https:\/\/conscanton.esteri.it\/en\/wp-json\/wp\/v2\/media?parent=3173"}],"curies":[{"name":"wp","href":"https:\/\/api.w.org\/{rel}","templated":true}]}}