{"id":3161,"date":"2022-12-16T18:43:16","date_gmt":"2022-12-16T10:43:16","guid":{"rendered":"https:\/\/conscanton.esteri.it\/servizi-consolari-e-visti\/servizi-per-il-cittadino-straniero\/visti\/"},"modified":"2025-10-13T18:46:52","modified_gmt":"2025-10-13T10:46:52","slug":"visti","status":"publish","type":"page","link":"https:\/\/conscanton.esteri.it\/en\/servizi-consolari-e-visti\/servizi-per-il-cittadino-straniero\/visti\/","title":{"rendered":"Visas"},"content":{"rendered":"<p><strong>AVVISI IMPORTANTI<\/strong><\/p>\n<ul>\n<li>Dall\u201911 giugno 2024 entreranno in vigore le <a href=\"https:\/\/ambpechino.esteri.it\/wp-content\/uploads\/2024\/05\/TABELLA-COLOUR_ITALY-VISA-FEES-II-QUARTER-TBR-da-11-a-30-giugno-2024.pdf\"><strong>nuove tariffe<\/strong><\/a> per i diritti dei <strong>visti Schengen, <\/strong>che saranno anche, successivamente e periodicamente riadeguate in base al tasso di cambio consolare trimestrale Euro\/RMB.<\/li>\n<\/ul>\n<ul>\n<li>A partire dal\u00a0<strong>12 febbraio 2024<\/strong>\u00a0le richieste di\u00a0<strong>Visto Nazionale (tipo \u201cD\u201d \u2013 da 91 a 365 giorni)<\/strong>\u00a0devono essere presentate\u00a0<strong>direttamente allo Sportello del Consolato<\/strong>, previo appuntamento utilizzando il seguente link: \u00a0<a href=\"https:\/\/prenotami.esteri.it\/\"><strong>Prenot@mi<\/strong><\/a>.\u00a0 Le richieste dei\u00a0<strong>Visti Schengen (tipo \u201cC\u201d da 1 a 90 giorni)<\/strong>\u00a0continueranno, invece, ad essere ricevute presso i<strong>\u00a0<\/strong><a href=\"https:\/\/visa.vfsglobal.com\/chn\/en\/ita\"><strong>Centri Visti IVAC<\/strong><\/a>)<strong>. Per il metodo di pagamento scorrere al punto 6.<\/strong><\/li>\n<li>I richiedenti \u2013 indipendentemente dal tipo di visto richiesto \u2013 dovranno presentare domanda di visto\u00a0<strong>presso il Consolato Generale di riferimento<\/strong>\u00a0per la propria residenza in base alla ripartizione geografica delle<strong>\u00a0<\/strong><a href=\"https:\/\/ambpechino.esteri.it\/it\/chi-siamo\/la-rete-consolare\/\"><strong>circoscrizioni consolari italiane<\/strong><\/a><strong>\u00a0<\/strong>nella R.P.C.<\/li>\n<li>Ogni richiedente deve\u00a0<strong>compilare e firmare il modulo di domanda per il visto<\/strong>\u00a0ed \u00e8 responsabile anche per la veridicit\u00e0 e completezza della documentazione accessoria presentata. Si raccomanda inoltre di non condividere i propri dati personali a terzi.<\/li>\n<li>A partire dal 1\u00b0 giugno 2024, i familiari stranieri di cittadini italiani\/UE che intendono ricongiungersi con il familiare stabilmente residente in Italia e che quindi si recheranno in Italia ai fini del \u201cricongiungimento familiare\u201d, dovranno richiedere un Visto Nazionale per motivi familiari (tipo \u201cD\u201d \u2013 365 gg \u2013 ingressi multipli). A tal fine non \u00e8 previsto il rilascio del nulla osta del SUI. Si fa presente che tale disposizione riguarda esclusivamente i familiari individuati all\u2019art. 2 del DL 30\/2007: coniuge, partner di unione registrata e discendenti diretti con meno di 21 anni o a carico \/ adottati \/ ascendenti diretti a carico (inclusi quelli del coniuge\/partner). Una volta giunti in Italia, i familiari dovranno fare richiesta del permesso di soggiorno per \u201cmotivi di famiglia\u201d entro 8 giorni lavorativi dall\u2019ingresso sul territorio nazionale.<\/li>\n<\/ul>\n<p><a href=\"https:\/\/ambpechino.esteri.it\/wp-content\/uploads\/2023\/04\/form-nazionale-document.pdf\"><strong>FORMULARIO VISTO NAZIONALE (PI\u00d9 DI 90 GIORNI)<\/strong><\/a><\/p>\n<p><a href=\"https:\/\/ambpechino.esteri.it\/wp-content\/uploads\/2023\/04\/visa-application-form-schengen-short-term.pdf\"><strong>FORMULARIO VISTO SCHENGEN (FINO A 90 GIORNI)<\/strong><\/a><\/p>\n<hr \/>\n<p><strong>VUOI ANDARE IN ITALIA? HAI BISOGNO DI UN VISTO!<\/strong><\/p>\n<p>Scopri qual \u00e8 il visto corretto in base alle tue esigenze. Informati su quali documenti preparare e dove poter presentare domanda di visto. Scopri come usare correttamente i differenti tipi di visto, quali sono i tuoi diritti e quali i tuoi doveri seguendo le indicazioni qui di seguito.<\/p>\n<ol>\n<li><strong> SCEGLI IL VISTO CORRETTO IN BASE ALLE TUE ESIGENZE E CONTROLLA QUALI SONO I DOCUMENTI NECESSARI. VUOI ANDARE IN ITALIA PER\u2026<\/strong><\/li>\n<\/ol>\n<ul>\n<li><a href=\"http:\/\/ambpechino.esteri.it\/ambasciata_pechino\/it\/informazioni_e_servizi\/visti\/visto-per-turismo-individuale.html\">Turismo (individuale e gruppi ADS)<\/a><\/li>\n<li><a href=\"http:\/\/ambpechino.esteri.it\/ambasciata_pechino\/it\/informazioni_e_servizi\/visti\/visto-per-affari.html\">Affari<\/a><\/li>\n<li><a href=\"http:\/\/ambpechino.esteri.it\/ambasciata_pechino\/it\/informazioni_e_servizi\/visti\/visita-a-familiari-o-amici.html\">Visita a familiari e amici<\/a><\/li>\n<li><a href=\"http:\/\/ambpechino.esteri.it\/ambasciata_pechino\/it\/informazioni_e_servizi\/visti\/visto-in-caso-di-eventi-sportivi.html\">Eventi culturali e sportivi<\/a><\/li>\n<li><a href=\"http:\/\/ambpechino.esteri.it\/ambasciata_pechino\/it\/informazioni_e_servizi\/visti\/visto-per-lavoro.html\">Lavoro<\/a><\/li>\n<li><a href=\"https:\/\/ambpechino.esteri.it\/it\/servizi-consolari-e-visti\/servizi-per-il-cittadino-straniero\/visti\/visto-per-ricerca\/\">Ricerca<\/a><\/li>\n<li><a href=\"http:\/\/ambpechino.esteri.it\/ambasciata_pechino\/it\/informazioni_e_servizi\/visti\/visti-per-studio.html\">Studio<\/a><\/li>\n<li><a href=\"http:\/\/ambpechino.esteri.it\/ambasciata_pechino\/it\/informazioni_e_servizi\/visti\/visto-per-ricongiungimento-familiare.html\">Ricongiungimento familiare<\/a><\/li>\n<li><a href=\"https:\/\/ambpechino.esteri.it\/it\/servizi-consolari-e-visti\/servizi-per-il-cittadino-straniero\/visti\/visto-per-reingresso\/\">Reingresso<\/a><\/li>\n<li><a href=\"http:\/\/ambpechino.esteri.it\/ambasciata_pechino\/it\/informazioni_e_servizi\/visti\/altre-tipologie-di-visti.html\">Altre tipologie di visto<\/a><\/li>\n<\/ul>\n<p>&nbsp;<\/p>\n<ol start=\"2\">\n<li><strong> DATI BIOMETRICI (VISA INFORMATION SYSTEM)<\/strong><\/li>\n<\/ol>\n<p>I richiedenti devono presentarsi\u00a0<u>di persona<\/u>\u00a0al momento della domanda di visto per la consegna della documentazione e per depositare i dati biometrici. Si tratta di una procedura semplice e che richiede solo pochi minuti. Le informazioni sui dati biometrici saranno conservate per un massimo di 59 mesi.<\/p>\n<p>L\u2019esenzione dall\u2019obbligo di raccolta delle impronte digitali \u00e8 prevista per un numero limitato di richiedenti visto: bambini di et\u00e0 inferiore ai 12 anni e persone per le quali la raccolta delle impronte digitali \u00e8 fisicamente impossibile. Sono altres\u00ec esentati, in occasione di visite ufficiali, i Capi di Stato e i membri del Governo, assieme ai componenti della delegazione al seguito e ai coniugi.<\/p>\n<p>L\u2019Italia non richiede la raccolta dei dati biometrici per i visti nazionali (tipo \u201cD\u201d).<\/p>\n<p>&nbsp;<\/p>\n<ol start=\"3\">\n<li><strong> DOVE FARE DOMANDA DI VISTO NELLA R.P.C. (VISTO \u201cC\u201d SCHENGEN \/ VISTO \u201cD\u201d NAZIONALE)<\/strong><\/li>\n<\/ol>\n<p>La domanda di visto deve essere presentata in base alla\u00a0<a href=\"https:\/\/ambpechino.esteri.it\/it\/chi-siamo\/la-rete-consolare\/\"><strong>circoscrizione consolare<\/strong><\/a> nella quale si trova la propria residenza stabile:<\/p>\n<ol>\n<li><strong>a)\u00a0VISTO \u201cC\u201d SCHENGEN \u2013 presso i Centri Visti in outsourcing \u2013 IVAC (Italy Visa Application Centre)<\/strong><\/li>\n<\/ol>\n<p>Tutti i richiedenti VISTO TIPO \u201cC\u201d \u2013 SCHENGEN possono recarsi presso il\u00a0<a href=\"https:\/\/visa.vfsglobal.com\/chn\/en\/ita\"><strong>Centro visti IVAC<\/strong><\/a>\u00a0di riferimento per il luogo di residenza, fissando previamente un appuntamento. Nella R.P.C., l\u2019Italia ha in totale 15 Centri Visti. I centri visti che fanno riferimento al Consolato Generale d\u2019Italia a Canton si trovano nelle seguenti citt\u00e0: Changsha, Fuzhou, Guangzhou e Shenzhen. Maggiori informazioni e orari di apertura sono consultabili al collegamento : <a href=\"https:\/\/visa.vfsglobal.com\/chn\/en\/ita\/attend-centre\">https:\/\/visa.vfsglobal.com\/chn\/en\/ita\/attend-centre<\/a><\/p>\n<p><strong><u>IVAC GUANGZHOU<\/u><\/strong><u>:<\/u><\/p>\n<p><strong>Room 902-903, 9th Floor,<\/strong><\/p>\n<p><strong>GAL Tower,\u00a0<\/strong><\/p>\n<p><strong>No.78 Pazhou Avenue, Haizhu District, Guangzhou<\/strong><\/p>\n<p>e-mail:\u00a0<a href=\"mailto:infocan.italycn@vfshelpline.com\">infocan.italycn@vfshelpline.com<\/a>\u00a0 (clicca\u00a0<a href=\"https:\/\/visa.vfsglobal.com\/chn\/en\/ita\"><strong>qui<\/strong><\/a>\u00a0per il sito)<\/p>\n<p>Chi non risiede in questa circoscrizione consolare potr\u00e0 far riferimento, a seconda della sua residenza, all\u2019Ambasciata\u00a0o ai Consolati\/Centri IVAC in\u00a0<a href=\"https:\/\/ambpechino.esteri.it\/it\/\"><strong>Beijing<\/strong><\/a>,\u00a0<a href=\"http:\/\/conschongqing.esteri.it\/\"><strong>Chongqing<\/strong><\/a>,\u00a0<a href=\"http:\/\/consshanghai.esteri.it\/\"><strong>Shangha<\/strong>i<\/a>, e\/o ai centri visti nelle seguenti citt\u00e0: Beijing, Chengdu, Chongqing, Hangzhou, Kunming, Nanjing, Shanghai.<\/p>\n<p>I cittadini cinesi residenti a HONG KONG o a MACAO devono presentare domanda di visto presso il Consolato Generale d\u2019Italia ad\u00a0<a href=\"http:\/\/conshongkong.esteri.it\/\"><strong>Hong Kong<\/strong><\/a>.<\/p>\n<ol>\n<li><strong>b) VISTO \u201cD\u201d NAZIONALE \u2013 presso l\u2019Ufficio Visti del Consolato Generale d\u2019Italia a Guangzhou<\/strong>:<\/li>\n<\/ol>\n<p>Per i visti Nazionali (tipo \u201cD\u201d) gli appuntamenti devono essere richiesti utilizzando il seguente link\u00a0<strong>:\u00a0<\/strong>\u00a0<a href=\"https:\/\/prenotami.esteri.it\/\"><strong>Prenot@mi<\/strong><\/a>.<strong>\u00a0<\/strong><\/p>\n<p>Per informazioni o per richiedere un appuntamento per altri tipi di visto, si prega di scrivere a\u00a0<strong><u>visti.canton@esteri.it<\/u><\/strong><\/p>\n<p>L\u2019Ufficio Visti del Consolato \u00e8 aperto dal luned\u00ec al venerd\u00ec, dalle ore 9.00 alle ore 11.30 e gli appuntamenti vengono fissati per la mattina, dalle ore 9.30 alle ore 11.30. \u00c8 possibile accedere solamente a seguito di appuntamento confermato da parte del Consolato o di intervista organizzata anche per tramite dell\u2019outsourcer; i richiedenti dovranno portare con s\u00e9 un documento identificativo che verr\u00e0 richiesta dagli addetti alla sicurezza sia all\u2019accesso del building, sia all\u2019ingresso del Consolato.<\/p>\n<p>&nbsp;<\/p>\n<ol start=\"4\">\n<li><strong> CHI PU\u00d2 FARE DOMANDA DI VISTO<\/strong><\/li>\n<\/ol>\n<p>Possono presentare domanda di visto, sia Nazionale (tipo D) che Schengen (tipo C), esclusivamente i cittadini cinesi residenti nella circoscrizione di questo Consolato (Fujian, Guangdong, Guangxi, Hainan, Hunan, Jiangxi).<\/p>\n<p>Possono altres\u00ec presentare domanda di visto Nazionale (D) e Schengen\u00a0(C) i cittadini di quei Paesi per cui \u00e8 previsto l\u2019obbligo di visto (controlla\u00a0<a href=\"https:\/\/www.esteri.it\/it\/servizi-consolari-e-visti\/ingressosoggiornoinitalia\/visto_ingresso\/paesi_soggetti_visto\/\"><strong>qu<\/strong>i<\/a> per conoscere per quali Paesi \u00e8 necessario) e che siano regolarmente residenti in questa circoscrizione consolare.<\/p>\n<p><strong>Viaggi di gruppo ADS<\/strong><\/p>\n<p>Sulla base del Memorandum d\u2019Intesa tra Unione Europea e Cina, le domande di visto per turismo di gruppo ADS (Approved Destination Status) sono presentate dai tour operator autorizzati. Gli appuntamenti per la raccolta delle biometrie dei richiedenti sono fissati per l\u2019intero gruppo.<\/p>\n<p>I tour operator cinesi interessati all\u2019accreditamento (white badge) devono seguire le procedure previste (<a href=\"https:\/\/eeas.europa.eu\/delegations\/china\/15985\/manual-sanctions-related-ads_en\"><strong>LINK<\/strong><\/a>).<\/p>\n<p><strong>Titolari di passaporto Diplomatico, di Servizio o per Affari Pubblici della Repubblica Popolare Cinese<\/strong><\/p>\n<p>In base alla normativa cinese, tutti i cittadini cinesi titolari di passaporti diplomatici, di servizio e per affari pubblici devono presentare domanda di visto attraverso il Dipartimento Affari Consolari del Ministero degli Esteri cinese, che provvede alla successiva consegna delle pratiche all\u2019Ufficio Visti del Consolato.<\/p>\n<p><strong>Familiari di cittadini dell\u2019Unione Europea\/EEA<\/strong><\/p>\n<p>La normativa (Direttiva 2004\/38\/CE e D. Lgs. 30\/2007) prevede agevolazioni per i familiari dei cittadini dell\u2019UE\/EEA.<\/p>\n<p>I coniugi e i figli muniti di passaporto cinese (fino a 18 anni) di cittadini dell\u2019UE\/EEA (limitatamente a quelli identificati come tali dalla Direttiva 2004\/38\/CE\u00a0<a href=\"http:\/\/eur-lex.europa.eu\/LexUriServ\/LexUriServ.do?uri=OJ:L:2004:158:0077:0123:en:PDF\">link<\/a>), possono presentare istanza di visto direttamente in Consolato, previo appuntamento da concordare con almeno due giorni di anticipo, nei giorni di apertura del Consolato stesso, dal luned\u00ec al venerd\u00ec dalle 09.30 alle 11.30 e il marted\u00ec e gioved\u00ec anche dalle 14.30 alle 15.30. Di seguito la documentazione necessaria ai fini dell\u2019istanza di visto per i coniugi e i figli di cittadini italiani:<\/p>\n<ul>\n<li>Modulo visto Schengen debitamente compilato e sottoscritto dal richiedente visto (<a href=\"https:\/\/e-applicationvisa.esteri.it\/?L=it-IT\">https:\/\/e-applicationvisa.esteri.it\/?L=it-IT<\/a>)<\/li>\n<li>Dichiarazione invito\/alloggio sottoscritta dal coniuge cittadino italiano (<a href=\"https:\/\/visa.vfsglobal.com\/one-pager\/italy\/china\/guangzhou\/english\/pdf\/Tourism-Invitation-Letter.pdf\">https:\/\/visa.vfsglobal.com\/one-pager\/italy\/china\/guangzhou\/english\/pdf\/Tourism-Invitation-Letter.pdf<\/a>)<\/li>\n<li>Copia di un documento di identit\u00e0 del coniuge cittadino italiano<\/li>\n<li>Passaporto in corso di validit\u00e0<\/li>\n<li>una foto formato tessera<\/li>\n<\/ul>\n<p>Salvo impedimenti particolari, il visto viene emesso nel giro di 5 giorni lavorativi.<\/p>\n<p>Qualora il rapporto matrimoniale e di parentela non fosse registrato negli archivi del Consolato, prima dell\u2019emissione del visto saranno necessari alcuni giorni aggiuntivi per accertare la sussistenza del coniugio.<\/p>\n<p>Gli altri familiari di cittadini dell\u2019Unione Europea\/EEA possono presentare istanza di visto presso i centri IVAC competenti. In base alla normativa, per i congiunti di cittadini dell\u2019UE\/EEA sono previste facilitazioni documentali; si prega dunque di utilizzare la seguente\u00a0<a href=\"https:\/\/ambpechino.esteri.it\/wp-content\/uploads\/2024\/02\/Checklist-RICONGIUNGIM-Family-reunion-with-a-EU-citizen-resident-in-Italy-2024.pdf\"><strong>checklist<\/strong><\/a><strong><u>\u00a0<\/u><\/strong>per turismo e la seguente\u00a0<a href=\"https:\/\/ambpechino.esteri.it\/wp-content\/uploads\/2024\/02\/Checklist-RICONGIUNGIM-Family-reunion-with-a-EU-citizen-resident-in-Italy-2024.pdf\"><strong>checklist<\/strong><\/a><strong><u>\u00a0<\/u><\/strong>in caso di ricongiungimento familiare<\/p>\n<p>Per sapere se in base al proprio grado di parentela \u00e8 prevista la gratuit\u00e0 del visto, si prega di controllare l\u2019apposita sezione in fondo a questa pagina.<\/p>\n<p>&nbsp;<\/p>\n<ol start=\"5\">\n<li><strong> QUANDO CHIEDERE UN VISTO SCHENGEN ALLA RAPPRESENTANZA DIPLOMATICA ITALIANA<\/strong><\/li>\n<\/ol>\n<p>I richiedenti visto Schengen possono fare richiesta all\u2019Ambasciata d\u2019Italia\/Consolato:<\/p>\n<ol>\n<li>quando l\u2019Italia \u00e8 l\u2019unico Paese destinazione del viaggio;<\/li>\n<li>qualora il viaggio interessa pi\u00f9 di un Paese Schengen e\u00a0l\u2019Italia \u00e8 la destinazione principale del viaggio in termini di durata o di finalit\u00e0 del soggiorno;<\/li>\n<li>se la destinazione principale non pu\u00f2 essere determinata in base ai criteri dei punti a) e b), quando l\u2019Italia \u00e8 il Paese attraverso le cui frontiere esterne il richiedente intende entrare in area Schengen.<\/li>\n<\/ol>\n<p>&nbsp;<\/p>\n<ol start=\"6\">\n<li><strong> QUANTO COSTA UN VISTO? E come pagare.<\/strong><\/li>\n<\/ol>\n<p>L\u2019importo da pagare per il visto, in RMB, \u00e8 legato al \u201cCambio Consolare Trimestrale\u201d \u2013 come da<strong>\u00a0<\/strong><a href=\"https:\/\/ambpechino.esteri.it\/it\/servizi-consolari-e-visti\/servizi-per-il-cittadino-straniero\/visti\/diritti-per-i-visti\/\"><strong>tabella<\/strong><\/a><strong>\u00a0<\/strong>\u2013 e subisce variazioni alla fine di ogni trimestre<strong>.<\/strong><\/p>\n<p>Per i<strong>\u00a0Visti Schengen (Tipo \u201cC\u201d)\u00a0<\/strong>il pagamento viene effettuato direttamente<strong>\u00a0<\/strong>al Centro Visti IVAC, al momento della presentazione della domanda.<\/p>\n<p>Per i\u00a0<strong>Visti Nazionali (Tipo \u201cD\u201d),<\/strong>\u00a0le domande devono essere presentate direttamente allo sportello del Consolato e il pagamento pu\u00f2 essere effettuato in contanti o via WeChat\/Alipay\/carta.<\/p>\n<p>I diritti per i visti NON vengono riscossi per i richiedenti appartenenti a una delle categorie seguenti:<\/p>\n<ul>\n<li>minori di et\u00e0 inferiore ai sei anni;<\/li>\n<li>alunni, studenti, studenti gi\u00e0 laureati e insegnanti accompagnatori che intraprendono soggiorni per motivi di studio o formazione pedagogica;<\/li>\n<li>ricercatori di paesi terzi che si spostano a fini di ricerca scientifica ai sensi della raccomandazione 2005\/761\/CE del Parlamento europeo e del Consiglio, del 28 settembre 2005, diretta a facilitare il rilascio, da parte degli Stati membri, di visti uniformi di soggiorno di breve durata per i ricercatori di paesi terzi che si spostano nella Comunit\u00e0 a fini di ricerca scientifica;<\/li>\n<li>rappresentanti di organizzazioni senza fini di lucro di et\u00e0 non superiore ai venticinque anni che partecipano a seminari, conferenze, manifestazioni sportive, culturali o educative organizzati da organizzazioni senza fini di lucro.<\/li>\n<li>I seguenti familiari di cittadini UE\/EEA, quando accompagnano o raggiungono il cittadino UE\/EEA, cos\u00ec come identificati dalla Direttiva 2004\/38\/CE e dal D Lgs 30\/2007:<\/li>\n<\/ul>\n<p style=\"padding-left: 40px;\">1) il coniuge;<br \/>\n2) il partner che abbia contratto con il cittadino dell\u2019Unione un\u2019unione registrata sulla base della legislazione di uno Stato membro, qualora la legislazione dello Stato membro ospitante equipari l\u2019unione registrata al matrimonio e nel rispetto delle condizioni previste dalla pertinente legislazione dello Stato membro ospitante;<br \/>\n3) i discendenti diretti di et\u00e0 inferiore a 21 anni o a carico e quelli del coniuge o partner;<br \/>\n4) gli ascendenti diretti (genitori, nonni) a carico e quelli del coniuge o partner (suoceri) <strong>a carico<\/strong>.<\/p>\n<ul>\n<li>sono altres\u00ec esentati i titolari di passaporto diplomatico.<\/li>\n<\/ul>\n<p>In caso di domanda di visto presentata al Centro Visti in outsourcing\u00a0<strong>IVAC<\/strong>\u00a0sar\u00e0 richiesto anche il pagamento delle \u201cservice fees\u201d.<\/p>\n<p>&nbsp;<\/p>\n<ol start=\"7\">\n<li><strong> TEMPISTICHE DI LAVORAZIONE DELLE DOMANDE DI VISTO<\/strong><\/li>\n<\/ol>\n<p>Per i Visti Schengen (tipo \u201cC\u201d) la normativa prevede un tempo massimo di trattazione di 15 giorni, estendibile a 45 giorni qualora necessario (art. 23 del Codice Visti Schengen), mentre per i Visti Nazionali (tipo \u201cD\u201d) i tempi di trattazione \u2013 generalmente di 90 giorni \u2013 sono ridotti a 30 giorni per i visti per motivi familiari e lavoro subordinato, ed estesi sino ai 120 giorni per lavoro autonomo.<\/p>\n<p>Si invitano i richiedenti a fare domanda di visto con debito anticipo rispetto alla data di partenza prevista (almeno 15 giorni prima della partenza). La domanda di visto pu\u00f2 essere presentata al massimo sei mesi prima della partenza prevista. \u00c8 inoltre necessario prestare attenzione alla scadenza del proprio passaporto, che determina la data di validit\u00e0 massima del visto.<\/p>\n<p>&nbsp;<\/p>\n<ol start=\"8\">\n<li><strong> INFORMAZIONI UTILI<\/strong><\/li>\n<\/ol>\n<p><strong>L\u2019ottenimento del visto non d\u00e0 automaticamente diritto all\u2019ingresso nell\u2019area Schengen<\/strong><\/p>\n<p>Si attira l\u2019attenzione dei richiedenti il visto sul fatto che il possesso di un visto non conferisce automaticamente il diritto di ingresso nell\u2019area Schengen e che ai titolari di un visto pu\u00f2 essere richiesto, una volta arrivati alla frontiera esterna dell\u2019area Schengen o in occasione di altri controlli, di fornire informazioni circa i mezzi di sostentamento, la durata del soggiorno previsto in area Schengen e lo scopo del viaggio.<\/p>\n<p>Si raccomanda di portare con s\u00e9 copia dei documenti presentati in fase di domanda di visto (quali ad esempio, lettere di invito, prenotazioni alberghiere e aeree o altri documenti atti a dimostrare lo scopo del viaggio). Per maggiori informazioni, si veda l\u2019art. 5 del Codice delle Frontiere Schengen (<a href=\"http:\/\/eur-lex.europa.eu\/legal-content\/IT\/TXT\/PDF\/?uri=CELEX:32006R0562&amp;from=IT\">link<\/a>).<\/p>\n<p><strong>Cosa succede in caso di rifiuto del visto<\/strong><\/p>\n<p>Eventuali decisioni negative relative alle domande di visto saranno notificate al richiedente e nel provvedimento di rifiuto sono indicati i motivi. Il richiedente la cui domanda \u00e8 stata rifiutata ha diritto di presentare nuova domanda di visto, integrando eventuali documenti mancanti, ovvero di proporre ricorso. Eventuali ricorsi devono essere presentati al T.A.R. del Lazio, con l\u2019assistenza di un legale, entro 60 giorni dalla notifica del provvedimento di rifiuto. Il ricorso deve essere notificato, a pena di nullit\u00e0 (in base all\u2019art. 144 del C.P.C. e all\u2019art. 11 del R.D. n. 1611 del 1933), alla competente Avvocatura dello Stato.<\/p>\n<p>Solo per i visti per motivi familiari il ricorso va presentato al Tribunale ordinario del luogo di residenza del richiedente in Italia.<\/p>\n<p><strong>Come utilizzare correttamente un visto Schengen (Tipo C)<\/strong><\/p>\n<p>Il visto Schengen d\u00e0 diritto a circolare nei Paesi dell\u2019area Schengen. \u00c8 possibile rimanere in area Schengen solamente per il numero di giorni indicati sul visto, che va utilizzato esclusivamente nel lasso temporale indicato \u201cdal\u201d \u201cal\u201d. La dicitura \u201cDurata del soggiorno \u2026 giorni\u201d indica il numero di giorni che \u00e8 possibile trascorrere nell\u2019area Schengen, a partire dalla data in cui si fa ingresso nel territorio Schengen (da contare sulla base dei timbri di ingresso e uscita). Il lasso temporale indicato \u201cDa\u2026a\u2026\u201d pu\u00f2 essere pi\u00f9 lungo rispetto alla \u201cDurata del soggiorno\u201d al fine di consentire una certa flessibilit\u00e0. Tuttavia non \u00e8 possibile rimanere in area Schengen pi\u00f9 giorni rispetto a quelli indicati sotto la voce \u201cDurata del soggiorno\u2026giorni\u201d. Inoltre non \u00e8 possibile soggiornare oltre la data indicata alla voce \u201cFino al\u201d.<\/p>\n<p>Il numero di ingressi concessi pu\u00f2 essere: uno, due o multipli. Quanti hanno necessit\u00e0 di recarsi frequentemente in area Schengen possono richiedere visti ad ingressi multipli pluriennali.<\/p>\n<p>Si ricorda ai possessori di visti ad ingressi multipli che in base alla normativa \u00e8 possibile rimanere all\u2019interno dell\u2019area Schengen per un massimo di 90 giorni ogni 180 giorni.<\/p>\n<p>Al fine di evitare \u201coverstay\u201d e per sapere quanti giorni rimangono a disposizione rispetto a quelli gi\u00e0 utilizzati, \u00e8 possibile consultare (a titolo indicativo) il sistema di calcolo approntato dalla Commissione europea cliccando\u00a0<a href=\"http:\/\/ec.europa.eu\/dgs\/home-affairs\/what-we-do\/policies\/borders-and-visas\/border-crossing\/schengen_calculator_en.html\">qui<\/a>.<\/p>\n<p><strong>Come utilizzare correttamente un Visto Nazionale italiano (Tipo D)<\/strong><\/p>\n<p>Una volta giunti in Italia con un visto nazionale italiano, \u00e8 necessario recarsi\u00a0<u>entro 8 giorni lavorativi<\/u>\u00a0presso la competente\u00a0<u>Questura<\/u>\u00a0della Provincia ove si intende risiedere per\u00a0<u>fare richiesta di Permesso di soggiorno<\/u>. La durata del Permesso di soggiorno sar\u00e0 corrispondente a quella indicata sul visto. Il Permesso di soggiorno dovr\u00e0 essere rinnovato direttamente in Italia. Per individuare la Questura competente si invita a controllare il seguente\u00a0<a href=\"http:\/\/questure.poliziadistato.it\/\">sito<\/a>.<\/p>\n<p><strong>Ulteriori informazioni<\/strong><\/p>\n<p>Per ogni ulteriore informazione \u00e8 possibile consultare direttamente il sito del\u00a0<a href=\"http:\/\/vistoperitalia.esteri.it\/home.aspx\">Ministero degli Esteri e della Cooperazione Internazionale\u00a0<\/a>e il sito della\u00a0<a href=\"https:\/\/ec.europa.eu\/home-affairs\/policies\/schengen-borders-and-visa_en\">Commissione europea<\/a>.<\/p>\n<p><strong>Protezione delle persone fisiche con riguardo al trattamento dei dati personali ai fini del rilascio di un visto d\u2019ingresso in Italia e nell\u2019area Schengen:<\/strong><\/p>\n<p><a href=\"https:\/\/eur-lex.europa.eu\/legal-content\/IT\/TXT\/?uri=uriserv:OJ.L_.2016.119.01.0001.01.ITA\">Regolamento Generale sulla Protezione dei Dati (UE) 2016\/679<\/a><\/p>\n<p><a href=\"https:\/\/ambpechino.esteri.it\/wp-content\/uploads\/2023\/04\/informativa_pechino_2022_italiano.pdf\">Informativa<\/a><\/p>\n","protected":false},"excerpt":{"rendered":"AVVISI IMPORTANTI Dall\u201911 giugno 2024 entreranno in vigore le nuove tariffe per i diritti dei visti Schengen, che saranno anche, successivamente e periodicamente riadeguate in base al tasso di cambio consolare trimestrale Euro\/RMB. A partire dal\u00a012 febbraio 2024\u00a0le richieste di\u00a0Visto Nazionale (tipo \u201cD\u201d \u2013 da 91 a 365 giorni)\u00a0devono essere presentate\u00a0direttamente allo Sportello del Consolato, [&hellip;]","protected":false},"author":3,"featured_media":0,"parent":3155,"menu_order":0,"comment_status":"closed","ping_status":"closed","template":"","meta":{"footnotes":""},"class_list":["post-3161","page","type-page","status-publish","hentry"],"_links":{"self":[{"href":"https:\/\/conscanton.esteri.it\/en\/wp-json\/wp\/v2\/pages\/3161","targetHints":{"allow":["GET"]}}],"collection":[{"href":"https:\/\/conscanton.esteri.it\/en\/wp-json\/wp\/v2\/pages"}],"about":[{"href":"https:\/\/conscanton.esteri.it\/en\/wp-json\/wp\/v2\/types\/page"}],"author":[{"embeddable":true,"href":"https:\/\/conscanton.esteri.it\/en\/wp-json\/wp\/v2\/users\/3"}],"replies":[{"embeddable":true,"href":"https:\/\/conscanton.esteri.it\/en\/wp-json\/wp\/v2\/comments?post=3161"}],"version-history":[{"count":1,"href":"https:\/\/conscanton.esteri.it\/en\/wp-json\/wp\/v2\/pages\/3161\/revisions"}],"predecessor-version":[{"id":3164,"href":"https:\/\/conscanton.esteri.it\/en\/wp-json\/wp\/v2\/pages\/3161\/revisions\/3164"}],"up":[{"embeddable":true,"href":"https:\/\/conscanton.esteri.it\/en\/wp-json\/wp\/v2\/pages\/3155"}],"wp:attachment":[{"href":"https:\/\/conscanton.esteri.it\/en\/wp-json\/wp\/v2\/media?parent=3161"}],"curies":[{"name":"wp","href":"https:\/\/api.w.org\/{rel}","templated":true}]}}